{"id":9,"date":"2018-11-20T21:39:34","date_gmt":"2018-11-20T20:39:34","guid":{"rendered":"http:\/\/prestaesi.fr\/?page_id=9"},"modified":"2018-12-02T21:08:52","modified_gmt":"2018-12-02T20:08:52","slug":"contact","status":"publish","type":"page","link":"https:\/\/prestaesi.fr\/?page_id=9","title":{"rendered":"Contact"},"content":{"rendered":"\t\t<div data-elementor-type=\"wp-post\" data-elementor-id=\"9\" class=\"elementor elementor-9 elementor-bc-flex-widget\">\n\t\t\t\t\t\t<section class=\"has_eae_slider elementor-section elementor-top-section elementor-element elementor-element-137c46c7 elementor-section-boxed elementor-section-height-default elementor-section-height-default\" data-id=\"137c46c7\" data-element_type=\"section\">\n\t\t\t\t\t\t<div class=\"elementor-container elementor-column-gap-default\">\n\t\t\t\t\t<div class=\"has_eae_slider elementor-column elementor-col-100 elementor-top-column elementor-element elementor-element-53b3aef1\" data-id=\"53b3aef1\" data-element_type=\"column\">\n\t\t\t<div class=\"elementor-widget-wrap elementor-element-populated\">\n\t\t\t\t\t\t<div class=\"elementor-element elementor-element-6afdbbe8 elementor-widget elementor-widget-text-editor\" data-id=\"6afdbbe8\" data-element_type=\"widget\" data-widget_type=\"text-editor.default\">\n\t\t\t\t<div class=\"elementor-widget-container\">\n\t\t\t\t\t\t\t<p>Vous souhaitez un devis pour vos manifestations, merci de remplir le formulaire ci-dessous :<\/p>\t\t\t\t\t\t<\/div>\n\t\t\t\t<\/div>\n\t\t\t\t\t<\/div>\n\t\t<\/div>\n\t\t\t\t\t<\/div>\n\t\t<\/section>\n\t\t\t\t<section class=\"has_eae_slider elementor-section elementor-top-section elementor-element elementor-element-fe76c98 elementor-section-boxed elementor-section-height-default elementor-section-height-default\" data-id=\"fe76c98\" data-element_type=\"section\">\n\t\t\t\t\t\t<div class=\"elementor-container elementor-column-gap-default\">\n\t\t\t\t\t<div class=\"has_eae_slider elementor-column elementor-col-100 elementor-top-column elementor-element elementor-element-33d716b\" data-id=\"33d716b\" data-element_type=\"column\">\n\t\t\t<div class=\"elementor-widget-wrap elementor-element-populated\">\n\t\t\t\t\t\t<div class=\"elementor-element elementor-element-7f98c4a elementor-invisible elementor-widget elementor-widget-void-section-cf7\" data-id=\"7f98c4a\" data-element_type=\"widget\" data-settings=\"{&quot;_animation&quot;:&quot;fadeIn&quot;}\" data-widget_type=\"void-section-cf7.default\">\n\t\t\t\t<div class=\"elementor-widget-container\">\n\t\t\t<div class=\"void-cf7-form-widget-wrapper elementor-shortcode void-cf7-0\" data-void-cf7-contact-form-id=\"104\">\n<div class=\"wpcf7 no-js\" id=\"wpcf7-f104-o1\" lang=\"fr-FR\" dir=\"ltr\">\n<div class=\"screen-reader-response\"><p role=\"status\" aria-live=\"polite\" aria-atomic=\"true\"><\/p> <ul><\/ul><\/div>\n<form action=\"\/index.php?rest_route=%2Fwp%2Fv2%2Fpages%2F9#wpcf7-f104-o1\" method=\"post\" class=\"wpcf7-form init\" aria-label=\"Formulaire de contact\" novalidate=\"novalidate\" data-status=\"init\">\n<div style=\"display: none;\">\n<input type=\"hidden\" name=\"_wpcf7\" value=\"104\" \/>\n<input type=\"hidden\" name=\"_wpcf7_version\" value=\"5.8.6\" \/>\n<input type=\"hidden\" name=\"_wpcf7_locale\" value=\"fr_FR\" \/>\n<input type=\"hidden\" name=\"_wpcf7_unit_tag\" value=\"wpcf7-f104-o1\" \/>\n<input type=\"hidden\" name=\"_wpcf7_container_post\" value=\"0\" \/>\n<input type=\"hidden\" name=\"_wpcf7_posted_data_hash\" value=\"\" \/>\n<\/div>\n<p><label> Votre nom (obligatoire)<br \/>\n<span class=\"wpcf7-form-control-wrap\" data-name=\"your-name\"><input size=\"40\" class=\"wpcf7-form-control wpcf7-text wpcf7-validates-as-required\" aria-required=\"true\" aria-invalid=\"false\" value=\"\" type=\"text\" name=\"your-name\" \/><\/span> <\/label>\n<\/p>\n<p><label> Votre adresse de messagerie (obligatoire)<br \/>\n<span class=\"wpcf7-form-control-wrap\" data-name=\"your-email\"><input size=\"40\" class=\"wpcf7-form-control wpcf7-email wpcf7-validates-as-required wpcf7-text wpcf7-validates-as-email\" aria-required=\"true\" aria-invalid=\"false\" value=\"\" type=\"email\" name=\"your-email\" \/><\/span> <\/label>\n<\/p>\n<p>Type de Prestation <span class=\"wpcf7-form-control-wrap\" data-name=\"radio-presta\"><span class=\"wpcf7-form-control wpcf7-radio\"><span class=\"wpcf7-list-item first\"><input type=\"radio\" name=\"radio-presta\" value=\"Prestation\" checked=\"checked\" \/><span class=\"wpcf7-list-item-label\">Prestation<\/span><\/span><span class=\"wpcf7-list-item last\"><input type=\"radio\" name=\"radio-presta\" value=\"Location\" \/><span class=\"wpcf7-list-item-label\">Location<\/span><\/span><\/span><\/span>\n<\/p>\n<p><label> Date <span class=\"wpcf7-form-control-wrap\" data-name=\"date-presta\"><input class=\"wpcf7-form-control wpcf7-date wpcf7-validates-as-required wpcf7-validates-as-date\" aria-required=\"true\" aria-invalid=\"false\" value=\"\" type=\"date\" name=\"date-presta\" \/><\/span> <\/label>\n<\/p>\n<p><label> Lieu <span class=\"wpcf7-form-control-wrap\" data-name=\"text-lieu\"><input size=\"40\" class=\"wpcf7-form-control wpcf7-text\" aria-invalid=\"false\" value=\"\" type=\"text\" name=\"text-lieu\" \/><\/span> <\/label>\n<\/p>\n<p><label> Informations suppl\u00e9mentaires <span class=\"wpcf7-form-control-wrap\" data-name=\"textarea-info\"><textarea cols=\"40\" rows=\"10\" class=\"wpcf7-form-control wpcf7-textarea\" aria-invalid=\"false\" name=\"textarea-info\"><\/textarea><\/span> <\/label>\n<\/p>\n<p><input class=\"wpcf7-form-control wpcf7-submit has-spinner\" type=\"submit\" value=\"Envoyer\" \/>\n<\/p><div class=\"wpcf7-response-output\" aria-hidden=\"true\"><\/div>\n<\/form>\n<\/div>\n<\/div>\t\t<\/div>\n\t\t\t\t<\/div>\n\t\t\t\t\t<\/div>\n\t\t<\/div>\n\t\t\t\t\t<\/div>\n\t\t<\/section>\n\t\t\t\t<\/div>\n\t\t","protected":false},"excerpt":{"rendered":"<p>Vous souhaitez un devis pour vos manifestations, merci de remplir le formulaire ci-dessous : Votre nom (obligatoire) Votre adresse de messagerie (obligatoire) Prestation PrestationLocation Date Lieu<\/p>\n","protected":false},"author":1,"featured_media":0,"parent":0,"menu_order":0,"comment_status":"closed","ping_status":"closed","template":"","meta":{"_monsterinsights_skip_tracking":false,"_monsterinsights_sitenote_active":false,"_monsterinsights_sitenote_note":"","_monsterinsights_sitenote_category":0,"site-sidebar-layout":"default","site-content-layout":"","ast-site-content-layout":"","site-content-style":"default","site-sidebar-style":"default","ast-global-header-display":"","ast-banner-title-visibility":"","ast-main-header-display":"","ast-hfb-above-header-display":"","ast-hfb-below-header-display":"","ast-hfb-mobile-header-display":"","site-post-title":"","ast-breadcrumbs-content":"","ast-featured-img":"","footer-sml-layout":"","theme-transparent-header-meta":"","adv-header-id-meta":"","stick-header-meta":"","header-above-stick-meta":"","header-main-stick-meta":"","header-below-stick-meta":"","astra-migrate-meta-layouts":"default","ast-page-background-enabled":"default","ast-page-background-meta":{"desktop":{"background-color":"","background-image":"","background-repeat":"repeat","background-position":"center center","background-size":"auto","background-attachment":"scroll","background-type":"","background-media":"","overlay-type":"","overlay-color":"","overlay-gradient":""},"tablet":{"background-color":"","background-image":"","background-repeat":"repeat","background-position":"center center","background-size":"auto","background-attachment":"scroll","background-type":"","background-media":"","overlay-type":"","overlay-color":"","overlay-gradient":""},"mobile":{"background-color":"","background-image":"","background-repeat":"repeat","background-position":"center center","background-size":"auto","background-attachment":"scroll","background-type":"","background-media":"","overlay-type":"","overlay-color":"","overlay-gradient":""}},"ast-content-background-meta":{"desktop":{"background-color":"var(--ast-global-color-5)","background-image":"","background-repeat":"repeat","background-position":"center center","background-size":"auto","background-attachment":"scroll","background-type":"","background-media":"","overlay-type":"","overlay-color":"","overlay-gradient":""},"tablet":{"background-color":"var(--ast-global-color-5)","background-image":"","background-repeat":"repeat","background-position":"center center","background-size":"auto","background-attachment":"scroll","background-type":"","background-media":"","overlay-type":"","overlay-color":"","overlay-gradient":""},"mobile":{"background-color":"var(--ast-global-color-5)","background-image":"","background-repeat":"repeat","background-position":"center center","background-size":"auto","background-attachment":"scroll","background-type":"","background-media":"","overlay-type":"","overlay-color":"","overlay-gradient":""}},"footnotes":""},"yoast_head":"<!-- This site is optimized with the Yoast SEO plugin v21.9.1 - https:\/\/yoast.com\/wordpress\/plugins\/seo\/ -->\n<title>Contact - PRESTA ESI<\/title>\n<meta name=\"robots\" content=\"index, follow, max-snippet:-1, max-image-preview:large, max-video-preview:-1\" \/>\n<link rel=\"canonical\" href=\"https:\/\/prestaesi.fr\/?page_id=9\" \/>\n<meta property=\"og:locale\" content=\"fr_FR\" \/>\n<meta property=\"og:type\" content=\"article\" \/>\n<meta property=\"og:title\" content=\"Contact - PRESTA ESI\" \/>\n<meta property=\"og:description\" content=\"Vous souhaitez un devis pour vos manifestations, merci de remplir le formulaire ci-dessous : Votre nom (obligatoire) Votre adresse de messagerie (obligatoire) Prestation PrestationLocation Date Lieu\" \/>\n<meta property=\"og:url\" content=\"https:\/\/prestaesi.fr\/?page_id=9\" \/>\n<meta property=\"og:site_name\" content=\"PRESTA ESI\" \/>\n<meta property=\"article:publisher\" content=\"https:\/\/www.facebook.com\/PrestaEsi\/\" \/>\n<meta property=\"article:modified_time\" content=\"2018-12-02T20:08:52+00:00\" \/>\n<meta name=\"twitter:card\" content=\"summary_large_image\" \/>\n<script type=\"application\/ld+json\" class=\"yoast-schema-graph\">{\"@context\":\"https:\/\/schema.org\",\"@graph\":[{\"@type\":\"WebPage\",\"@id\":\"https:\/\/prestaesi.fr\/?page_id=9\",\"url\":\"https:\/\/prestaesi.fr\/?page_id=9\",\"name\":\"Contact - PRESTA ESI\",\"isPartOf\":{\"@id\":\"https:\/\/prestaesi.fr\/#website\"},\"datePublished\":\"2018-11-20T20:39:34+00:00\",\"dateModified\":\"2018-12-02T20:08:52+00:00\",\"breadcrumb\":{\"@id\":\"https:\/\/prestaesi.fr\/?page_id=9#breadcrumb\"},\"inLanguage\":\"fr-FR\",\"potentialAction\":[{\"@type\":\"ReadAction\",\"target\":[\"https:\/\/prestaesi.fr\/?page_id=9\"]}]},{\"@type\":\"BreadcrumbList\",\"@id\":\"https:\/\/prestaesi.fr\/?page_id=9#breadcrumb\",\"itemListElement\":[{\"@type\":\"ListItem\",\"position\":1,\"name\":\"Accueil\",\"item\":\"https:\/\/prestaesi.fr\/\"},{\"@type\":\"ListItem\",\"position\":2,\"name\":\"Contact\"}]},{\"@type\":\"WebSite\",\"@id\":\"https:\/\/prestaesi.fr\/#website\",\"url\":\"https:\/\/prestaesi.fr\/\",\"name\":\"PRESTA ESI\",\"description\":\"Soci\u00e9t\u00e9 d&#039;\u00e9v\u00e9nementielle\",\"publisher\":{\"@id\":\"https:\/\/prestaesi.fr\/#organization\"},\"potentialAction\":[{\"@type\":\"SearchAction\",\"target\":{\"@type\":\"EntryPoint\",\"urlTemplate\":\"https:\/\/prestaesi.fr\/?s={search_term_string}\"},\"query-input\":\"required name=search_term_string\"}],\"inLanguage\":\"fr-FR\"},{\"@type\":\"Organization\",\"@id\":\"https:\/\/prestaesi.fr\/#organization\",\"name\":\"Presta ESI\",\"url\":\"https:\/\/prestaesi.fr\/\",\"logo\":{\"@type\":\"ImageObject\",\"inLanguage\":\"fr-FR\",\"@id\":\"https:\/\/prestaesi.fr\/#\/schema\/logo\/image\/\",\"url\":\"http:\/\/prestaesi.fr\/wp-content\/uploads\/2018\/12\/cropped-logo_esi_small.png\",\"contentUrl\":\"http:\/\/prestaesi.fr\/wp-content\/uploads\/2018\/12\/cropped-logo_esi_small.png\",\"width\":157,\"height\":87,\"caption\":\"Presta ESI\"},\"image\":{\"@id\":\"https:\/\/prestaesi.fr\/#\/schema\/logo\/image\/\"},\"sameAs\":[\"https:\/\/www.facebook.com\/PrestaEsi\/\"]}]}<\/script>\n<!-- \/ Yoast SEO plugin. -->","yoast_head_json":{"title":"Contact - PRESTA ESI","robots":{"index":"index","follow":"follow","max-snippet":"max-snippet:-1","max-image-preview":"max-image-preview:large","max-video-preview":"max-video-preview:-1"},"canonical":"https:\/\/prestaesi.fr\/?page_id=9","og_locale":"fr_FR","og_type":"article","og_title":"Contact - PRESTA ESI","og_description":"Vous souhaitez un devis pour vos manifestations, merci de remplir le formulaire ci-dessous : Votre nom (obligatoire) Votre adresse de messagerie (obligatoire) Prestation PrestationLocation Date Lieu","og_url":"https:\/\/prestaesi.fr\/?page_id=9","og_site_name":"PRESTA ESI","article_publisher":"https:\/\/www.facebook.com\/PrestaEsi\/","article_modified_time":"2018-12-02T20:08:52+00:00","twitter_card":"summary_large_image","schema":{"@context":"https:\/\/schema.org","@graph":[{"@type":"WebPage","@id":"https:\/\/prestaesi.fr\/?page_id=9","url":"https:\/\/prestaesi.fr\/?page_id=9","name":"Contact - PRESTA ESI","isPartOf":{"@id":"https:\/\/prestaesi.fr\/#website"},"datePublished":"2018-11-20T20:39:34+00:00","dateModified":"2018-12-02T20:08:52+00:00","breadcrumb":{"@id":"https:\/\/prestaesi.fr\/?page_id=9#breadcrumb"},"inLanguage":"fr-FR","potentialAction":[{"@type":"ReadAction","target":["https:\/\/prestaesi.fr\/?page_id=9"]}]},{"@type":"BreadcrumbList","@id":"https:\/\/prestaesi.fr\/?page_id=9#breadcrumb","itemListElement":[{"@type":"ListItem","position":1,"name":"Accueil","item":"https:\/\/prestaesi.fr\/"},{"@type":"ListItem","position":2,"name":"Contact"}]},{"@type":"WebSite","@id":"https:\/\/prestaesi.fr\/#website","url":"https:\/\/prestaesi.fr\/","name":"PRESTA ESI","description":"Soci\u00e9t\u00e9 d&#039;\u00e9v\u00e9nementielle","publisher":{"@id":"https:\/\/prestaesi.fr\/#organization"},"potentialAction":[{"@type":"SearchAction","target":{"@type":"EntryPoint","urlTemplate":"https:\/\/prestaesi.fr\/?s={search_term_string}"},"query-input":"required name=search_term_string"}],"inLanguage":"fr-FR"},{"@type":"Organization","@id":"https:\/\/prestaesi.fr\/#organization","name":"Presta ESI","url":"https:\/\/prestaesi.fr\/","logo":{"@type":"ImageObject","inLanguage":"fr-FR","@id":"https:\/\/prestaesi.fr\/#\/schema\/logo\/image\/","url":"http:\/\/prestaesi.fr\/wp-content\/uploads\/2018\/12\/cropped-logo_esi_small.png","contentUrl":"http:\/\/prestaesi.fr\/wp-content\/uploads\/2018\/12\/cropped-logo_esi_small.png","width":157,"height":87,"caption":"Presta ESI"},"image":{"@id":"https:\/\/prestaesi.fr\/#\/schema\/logo\/image\/"},"sameAs":["https:\/\/www.facebook.com\/PrestaEsi\/"]}]}},"_links":{"self":[{"href":"https:\/\/prestaesi.fr\/index.php?rest_route=\/wp\/v2\/pages\/9"}],"collection":[{"href":"https:\/\/prestaesi.fr\/index.php?rest_route=\/wp\/v2\/pages"}],"about":[{"href":"https:\/\/prestaesi.fr\/index.php?rest_route=\/wp\/v2\/types\/page"}],"author":[{"embeddable":true,"href":"https:\/\/prestaesi.fr\/index.php?rest_route=\/wp\/v2\/users\/1"}],"replies":[{"embeddable":true,"href":"https:\/\/prestaesi.fr\/index.php?rest_route=%2Fwp%2Fv2%2Fcomments&post=9"}],"version-history":[{"count":2,"href":"https:\/\/prestaesi.fr\/index.php?rest_route=\/wp\/v2\/pages\/9\/revisions"}],"predecessor-version":[{"id":105,"href":"https:\/\/prestaesi.fr\/index.php?rest_route=\/wp\/v2\/pages\/9\/revisions\/105"}],"wp:attachment":[{"href":"https:\/\/prestaesi.fr\/index.php?rest_route=%2Fwp%2Fv2%2Fmedia&parent=9"}],"curies":[{"name":"wp","href":"https:\/\/api.w.org\/{rel}","templated":true}]}}