{"id":7,"date":"2018-11-20T21:39:34","date_gmt":"2018-11-20T20:39:34","guid":{"rendered":"http:\/\/prestaesi.fr\/?page_id=7"},"modified":"2022-08-26T15:25:58","modified_gmt":"2022-08-26T13:25:58","slug":"accueil","status":"publish","type":"page","link":"https:\/\/prestaesi.fr\/","title":{"rendered":"Accueil"},"content":{"rendered":"\t\t<div data-elementor-type=\"wp-post\" data-elementor-id=\"7\" class=\"elementor elementor-7\">\n\t\t\t\t\t\t<section class=\"has_eae_slider elementor-section elementor-top-section elementor-element elementor-element-19eda7bd elementor-section-boxed elementor-section-height-default elementor-section-height-default\" data-id=\"19eda7bd\" data-element_type=\"section\">\n\t\t\t\t\t\t<div class=\"elementor-container elementor-column-gap-default\">\n\t\t\t\t\t<div class=\"has_eae_slider elementor-column elementor-col-100 elementor-top-column elementor-element elementor-element-3b967f62\" data-id=\"3b967f62\" data-element_type=\"column\">\n\t\t\t<div class=\"elementor-widget-wrap elementor-element-populated\">\n\t\t\t\t\t\t<div class=\"elementor-element elementor-element-4a2c7f7d elementor-widget elementor-widget-text-editor\" data-id=\"4a2c7f7d\" data-element_type=\"widget\" data-widget_type=\"text-editor.default\">\n\t\t\t\t<div class=\"elementor-widget-container\">\n\t\t\t\t\t\t\t<h1><span style=\"color: #ff00ff;\">PRESTA ESI<\/span> est une soci\u00e9t\u00e9 de prestation et de location de mat\u00e9riel d&rsquo;\u00e9clairage et de sonorisation<\/h1>\t\t\t\t\t\t<\/div>\n\t\t\t\t<\/div>\n\t\t\t\t<div class=\"elementor-element elementor-element-d3370fb elementor-widget elementor-widget-text-editor\" data-id=\"d3370fb\" data-element_type=\"widget\" data-widget_type=\"text-editor.default\">\n\t\t\t\t<div class=\"elementor-widget-container\">\n\t\t\t\t\t\t\t<h4>Fond\u00e9e en 2008 et situ\u00e9e \u00e0 10 minutes de Lille, notre soci\u00e9t\u00e9 s&rsquo;adapte \u00e0 vos exigences et met en valeur vos artistes ou produits gr\u00e2ce \u00e0 un mat\u00e9riel professionnel et r\u00e9cent.<\/h4><p><b>Nous prenons en charge l&rsquo;<\/b><a href=\"http:\/\/prestaesi.fr\/?page_id=347\" rel=\"noopener\">\u00e9tude et la conception<\/a><b>\u00a0des plans et recherchons les meilleurs mat\u00e9riaux \u00e0 utiliser pour la r\u00e9alisation de l&rsquo;\u00e9v\u00e9nement.<\/b><\/p><p><b>Nous travaillons r\u00e9guli\u00e8rement avec les\u00a0<\/b><a href=\"http:\/\/prestaesi.fr\/?page_id=319\" rel=\"noopener\">associations<\/a><b>\u00a0de la r\u00e9gion pour leur proposer des solutions techniques pour leurs spectacles et galas.<\/b><\/p>\t\t\t\t\t\t<\/div>\n\t\t\t\t<\/div>\n\t\t\t\t\t<\/div>\n\t\t<\/div>\n\t\t\t\t\t<\/div>\n\t\t<\/section>\n\t\t\t\t<section class=\"has_eae_slider elementor-section elementor-top-section elementor-element elementor-element-4b54614 elementor-section-boxed elementor-section-height-default elementor-section-height-default\" data-id=\"4b54614\" data-element_type=\"section\">\n\t\t\t\t\t\t<div class=\"elementor-container elementor-column-gap-default\">\n\t\t\t\t\t<div class=\"has_eae_slider elementor-column elementor-col-100 elementor-top-column elementor-element elementor-element-7125af5\" data-id=\"7125af5\" data-element_type=\"column\">\n\t\t\t<div class=\"elementor-widget-wrap elementor-element-populated\">\n\t\t\t\t\t\t<div class=\"elementor-element elementor-element-5557ed6 elementor-arrows-position-outside elementor-pagination-position-outside elementor-widget elementor-widget-image-carousel\" data-id=\"5557ed6\" data-element_type=\"widget\" data-settings=\"{&quot;image_spacing_custom&quot;:{&quot;unit&quot;:&quot;px&quot;,&quot;size&quot;:79,&quot;sizes&quot;:[]},&quot;autoplay_speed&quot;:2000,&quot;navigation&quot;:&quot;both&quot;,&quot;autoplay&quot;:&quot;yes&quot;,&quot;pause_on_hover&quot;:&quot;yes&quot;,&quot;pause_on_interaction&quot;:&quot;yes&quot;,&quot;infinite&quot;:&quot;yes&quot;,&quot;speed&quot;:500,&quot;image_spacing_custom_tablet&quot;:{&quot;unit&quot;:&quot;px&quot;,&quot;size&quot;:&quot;&quot;,&quot;sizes&quot;:[]},&quot;image_spacing_custom_mobile&quot;:{&quot;unit&quot;:&quot;px&quot;,&quot;size&quot;:&quot;&quot;,&quot;sizes&quot;:[]}}\" data-widget_type=\"image-carousel.default\">\n\t\t\t\t<div class=\"elementor-widget-container\">\n\t\t\t\t\t<div class=\"elementor-image-carousel-wrapper swiper-container\" dir=\"ltr\">\n\t\t\t<div class=\"elementor-image-carousel swiper-wrapper swiper-image-stretch\" aria-live=\"off\">\n\t\t\t\t\t\t\t\t<div class=\"swiper-slide\" role=\"group\" aria-roledescription=\"slide\" aria-label=\"1 sur 16\"><figure class=\"swiper-slide-inner\"><img decoding=\"async\" class=\"swiper-slide-image\" src=\"https:\/\/prestaesi.fr\/wp-content\/uploads\/2019\/01\/20181212_150704-300x169.jpg\" alt=\"Spectacle de No\u00ebl Association EVASION Spectacle\" \/><\/figure><\/div><div class=\"swiper-slide\" role=\"group\" aria-roledescription=\"slide\" aria-label=\"2 sur 16\"><figure class=\"swiper-slide-inner\"><img decoding=\"async\" class=\"swiper-slide-image\" src=\"https:\/\/prestaesi.fr\/wp-content\/uploads\/2019\/01\/20181109_094034-300x225.jpg\" alt=\"20181109_094034\" \/><\/figure><\/div><div class=\"swiper-slide\" role=\"group\" aria-roledescription=\"slide\" aria-label=\"3 sur 16\"><figure class=\"swiper-slide-inner\"><img decoding=\"async\" class=\"swiper-slide-image\" src=\"https:\/\/prestaesi.fr\/wp-content\/uploads\/2019\/01\/20180623_175107-300x225.jpg\" alt=\"Spectacle de danse - Association Art Thal\u00e8s\" \/><\/figure><\/div><div class=\"swiper-slide\" role=\"group\" aria-roledescription=\"slide\" aria-label=\"4 sur 16\"><figure class=\"swiper-slide-inner\"><img decoding=\"async\" class=\"swiper-slide-image\" src=\"https:\/\/prestaesi.fr\/wp-content\/uploads\/2019\/01\/20171217_142749-300x225.jpg\" alt=\"20171217_142749\" \/><\/figure><\/div><div class=\"swiper-slide\" role=\"group\" aria-roledescription=\"slide\" aria-label=\"5 sur 16\"><figure class=\"swiper-slide-inner\"><img decoding=\"async\" class=\"swiper-slide-image\" src=\"https:\/\/prestaesi.fr\/wp-content\/uploads\/2019\/01\/20180525_222045-300x225.jpg\" alt=\"20180525_222045\" \/><\/figure><\/div><div class=\"swiper-slide\" role=\"group\" aria-roledescription=\"slide\" aria-label=\"6 sur 16\"><figure class=\"swiper-slide-inner\"><img decoding=\"async\" class=\"swiper-slide-image\" src=\"https:\/\/prestaesi.fr\/wp-content\/uploads\/2019\/01\/20180526_153031-300x225.jpg\" alt=\"20180526_153031\" \/><\/figure><\/div><div class=\"swiper-slide\" role=\"group\" aria-roledescription=\"slide\" aria-label=\"7 sur 16\"><figure class=\"swiper-slide-inner\"><img decoding=\"async\" class=\"swiper-slide-image\" src=\"https:\/\/prestaesi.fr\/wp-content\/uploads\/2019\/01\/20181216_190102-300x169.jpg\" alt=\"Spectacle de No\u00ebl association EVASION Spectacle\" \/><\/figure><\/div><div class=\"swiper-slide\" role=\"group\" aria-roledescription=\"slide\" aria-label=\"8 sur 16\"><figure class=\"swiper-slide-inner\"><img decoding=\"async\" class=\"swiper-slide-image\" src=\"https:\/\/prestaesi.fr\/wp-content\/uploads\/2018\/11\/IMG_0344-300x225.jpg\" alt=\"IMG_0344\" \/><\/figure><\/div><div class=\"swiper-slide\" role=\"group\" aria-roledescription=\"slide\" aria-label=\"9 sur 16\"><figure class=\"swiper-slide-inner\"><img decoding=\"async\" class=\"swiper-slide-image\" src=\"https:\/\/prestaesi.fr\/wp-content\/uploads\/2018\/11\/IMG_6998-300x200.jpg\" alt=\"Spectacle de No\u00ebl Espace Concorde\" \/><\/figure><\/div><div class=\"swiper-slide\" role=\"group\" aria-roledescription=\"slide\" aria-label=\"10 sur 16\"><figure class=\"swiper-slide-inner\"><img decoding=\"async\" class=\"swiper-slide-image\" src=\"https:\/\/prestaesi.fr\/wp-content\/uploads\/2018\/11\/IMG_8675-300x200.jpg\" alt=\"Soir\u00e9e Cabaret - tulles de projection et vid\u00e9o mapping\" \/><\/figure><\/div><div class=\"swiper-slide\" role=\"group\" aria-roledescription=\"slide\" aria-label=\"11 sur 16\"><figure class=\"swiper-slide-inner\"><img decoding=\"async\" class=\"swiper-slide-image\" src=\"https:\/\/prestaesi.fr\/wp-content\/uploads\/2018\/11\/IMG_9128-300x200.jpg\" alt=\"Soir\u00e9e Cabaret - boule \u00e0 Led suspendu\" \/><\/figure><\/div><div class=\"swiper-slide\" role=\"group\" aria-roledescription=\"slide\" aria-label=\"12 sur 16\"><figure class=\"swiper-slide-inner\"><img decoding=\"async\" class=\"swiper-slide-image\" src=\"https:\/\/prestaesi.fr\/wp-content\/uploads\/2018\/11\/Spectacle-danse2-300x195.jpg\" alt=\"Gala de danse\" \/><\/figure><\/div><div class=\"swiper-slide\" role=\"group\" aria-roledescription=\"slide\" aria-label=\"13 sur 16\"><figure class=\"swiper-slide-inner\"><img decoding=\"async\" class=\"swiper-slide-image\" src=\"https:\/\/prestaesi.fr\/wp-content\/uploads\/2018\/11\/Spectacle-Noel-300x200.jpg\" alt=\"Spectacle de No\u00ebl\" \/><\/figure><\/div><div class=\"swiper-slide\" role=\"group\" aria-roledescription=\"slide\" aria-label=\"14 sur 16\"><figure class=\"swiper-slide-inner\"><img decoding=\"async\" class=\"swiper-slide-image\" src=\"https:\/\/prestaesi.fr\/wp-content\/uploads\/2018\/11\/IMG_7748-300x200.jpg\" alt=\"Festival\" \/><\/figure><\/div><div class=\"swiper-slide\" role=\"group\" aria-roledescription=\"slide\" aria-label=\"15 sur 16\"><figure class=\"swiper-slide-inner\"><img decoding=\"async\" class=\"swiper-slide-image\" src=\"https:\/\/prestaesi.fr\/wp-content\/uploads\/2018\/11\/IMG_0768-300x200.jpg\" alt=\"Spectacle de No\u00ebl Zephyr\" \/><\/figure><\/div><div class=\"swiper-slide\" role=\"group\" aria-roledescription=\"slide\" aria-label=\"16 sur 16\"><figure class=\"swiper-slide-inner\"><img decoding=\"async\" class=\"swiper-slide-image\" src=\"https:\/\/prestaesi.fr\/wp-content\/uploads\/2018\/11\/20141018_190123-300x225.jpg\" alt=\"Orchestre National de Lille\" \/><\/figure><\/div>\t\t\t<\/div>\n\t\t\t\t\t\t\t\t\t\t\t\t<div class=\"elementor-swiper-button elementor-swiper-button-prev\" role=\"button\" tabindex=\"0\">\n\t\t\t\t\t\t<i aria-hidden=\"true\" class=\"eicon-chevron-left\"><\/i>\t\t\t\t\t<\/div>\n\t\t\t\t\t<div class=\"elementor-swiper-button elementor-swiper-button-next\" role=\"button\" tabindex=\"0\">\n\t\t\t\t\t\t<i aria-hidden=\"true\" class=\"eicon-chevron-right\"><\/i>\t\t\t\t\t<\/div>\n\t\t\t\t\n\t\t\t\t\t\t\t\t\t<div class=\"swiper-pagination\"><\/div>\n\t\t\t\t\t\t\t\t\t<\/div>\n\t\t\t\t<\/div>\n\t\t\t\t<\/div>\n\t\t\t\t<div class=\"elementor-element elementor-element-c000e3a elementor-widget elementor-widget-heading\" data-id=\"c000e3a\" data-element_type=\"widget\" data-widget_type=\"heading.default\">\n\t\t\t\t<div class=\"elementor-widget-container\">\n\t\t\t<h2 class=\"elementor-heading-title elementor-size-default\">Nouveaut\u00e9 : Console GrandMA3 Compact XT <\/h2>\t\t<\/div>\n\t\t\t\t<\/div>\n\t\t\t\t<section class=\"has_eae_slider elementor-section elementor-inner-section elementor-element elementor-element-f7d603e elementor-section-boxed elementor-section-height-default elementor-section-height-default\" data-id=\"f7d603e\" data-element_type=\"section\">\n\t\t\t\t\t\t<div class=\"elementor-container elementor-column-gap-default\">\n\t\t\t\t\t<div class=\"has_eae_slider elementor-column elementor-col-100 elementor-inner-column elementor-element elementor-element-519ccb4\" data-id=\"519ccb4\" data-element_type=\"column\">\n\t\t\t<div class=\"elementor-widget-wrap elementor-element-populated\">\n\t\t\t\t\t\t<div class=\"elementor-element elementor-element-e649ae8 elementor-widget elementor-widget-text-editor\" data-id=\"e649ae8\" data-element_type=\"widget\" data-widget_type=\"text-editor.default\">\n\t\t\t\t<div class=\"elementor-widget-container\">\n\t\t\t\t\t\t\t<p><span style=\"color: #ffffff;\">La console GrandMA 3 Compact XT est disponible en location chez Presta ESI. Avec ces 16 univers DMX, 15 faders motoris\u00e9s, 2 \u00e9crans tactiles elle sera la console id\u00e9ale pour nos prestations.<\/span><\/p>\t\t\t\t\t\t<\/div>\n\t\t\t\t<\/div>\n\t\t\t\t\t<\/div>\n\t\t<\/div>\n\t\t\t\t\t<\/div>\n\t\t<\/section>\n\t\t\t\t<section class=\"has_eae_slider elementor-section elementor-inner-section elementor-element elementor-element-cedf097 elementor-section-boxed elementor-section-height-default elementor-section-height-default\" data-id=\"cedf097\" data-element_type=\"section\">\n\t\t\t\t\t\t<div class=\"elementor-container elementor-column-gap-default\">\n\t\t\t\t\t<div class=\"has_eae_slider elementor-column elementor-col-50 elementor-inner-column elementor-element elementor-element-b08cb66\" data-id=\"b08cb66\" data-element_type=\"column\">\n\t\t\t<div class=\"elementor-widget-wrap elementor-element-populated\">\n\t\t\t\t\t\t<div class=\"elementor-element elementor-element-23cf13d elementor-widget elementor-widget-image\" data-id=\"23cf13d\" data-element_type=\"widget\" data-widget_type=\"image.default\">\n\t\t\t\t<div class=\"elementor-widget-container\">\n\t\t\t\t\t\t\t\t\t\t\t\t\t<img fetchpriority=\"high\" decoding=\"async\" width=\"1024\" height=\"687\" src=\"https:\/\/prestaesi.fr\/wp-content\/uploads\/2022\/08\/GrandMA3-Compact-XT-1024x687.jpg\" class=\"attachment-large size-large wp-image-435\" alt=\"GrandMA 3 Compact XT\" srcset=\"https:\/\/prestaesi.fr\/wp-content\/uploads\/2022\/08\/GrandMA3-Compact-XT-1024x687.jpg 1024w, https:\/\/prestaesi.fr\/wp-content\/uploads\/2022\/08\/GrandMA3-Compact-XT-300x201.jpg 300w, https:\/\/prestaesi.fr\/wp-content\/uploads\/2022\/08\/GrandMA3-Compact-XT-768x515.jpg 768w, https:\/\/prestaesi.fr\/wp-content\/uploads\/2022\/08\/GrandMA3-Compact-XT-1536x1031.jpg 1536w, https:\/\/prestaesi.fr\/wp-content\/uploads\/2022\/08\/GrandMA3-Compact-XT-2048x1374.jpg 2048w, https:\/\/prestaesi.fr\/wp-content\/uploads\/2022\/08\/GrandMA3-Compact-XT-600x403.jpg 600w, https:\/\/prestaesi.fr\/wp-content\/uploads\/2022\/08\/GrandMA3-Compact-XT-238x160.jpg 238w\" sizes=\"(max-width: 1024px) 100vw, 1024px\" \/>\t\t\t\t\t\t\t\t\t\t\t\t\t<\/div>\n\t\t\t\t<\/div>\n\t\t\t\t\t<\/div>\n\t\t<\/div>\n\t\t\t\t<div class=\"has_eae_slider elementor-column elementor-col-50 elementor-inner-column elementor-element elementor-element-55a939a\" data-id=\"55a939a\" data-element_type=\"column\">\n\t\t\t<div class=\"elementor-widget-wrap elementor-element-populated\">\n\t\t\t\t\t\t<div class=\"elementor-element elementor-element-51f04f2 elementor-widget elementor-widget-image\" data-id=\"51f04f2\" data-element_type=\"widget\" data-widget_type=\"image.default\">\n\t\t\t\t<div class=\"elementor-widget-container\">\n\t\t\t\t\t\t\t\t\t\t\t\t\t<img decoding=\"async\" width=\"1024\" height=\"547\" src=\"https:\/\/prestaesi.fr\/wp-content\/uploads\/2022\/08\/GrandMA3-Compact-XT-2-1024x547.jpg\" class=\"attachment-large size-large wp-image-434\" alt=\"Arri\u00e8re console GrandMA 3 Compact XT\" srcset=\"https:\/\/prestaesi.fr\/wp-content\/uploads\/2022\/08\/GrandMA3-Compact-XT-2-1024x547.jpg 1024w, https:\/\/prestaesi.fr\/wp-content\/uploads\/2022\/08\/GrandMA3-Compact-XT-2-300x160.jpg 300w, https:\/\/prestaesi.fr\/wp-content\/uploads\/2022\/08\/GrandMA3-Compact-XT-2-768x410.jpg 768w, https:\/\/prestaesi.fr\/wp-content\/uploads\/2022\/08\/GrandMA3-Compact-XT-2-1536x820.jpg 1536w, https:\/\/prestaesi.fr\/wp-content\/uploads\/2022\/08\/GrandMA3-Compact-XT-2-2048x1093.jpg 2048w, https:\/\/prestaesi.fr\/wp-content\/uploads\/2022\/08\/GrandMA3-Compact-XT-2-600x320.jpg 600w, https:\/\/prestaesi.fr\/wp-content\/uploads\/2022\/08\/GrandMA3-Compact-XT-2-280x149.jpg 280w\" sizes=\"(max-width: 1024px) 100vw, 1024px\" \/>\t\t\t\t\t\t\t\t\t\t\t\t\t<\/div>\n\t\t\t\t<\/div>\n\t\t\t\t\t<\/div>\n\t\t<\/div>\n\t\t\t\t\t<\/div>\n\t\t<\/section>\n\t\t\t\t\t<\/div>\n\t\t<\/div>\n\t\t\t\t\t<\/div>\n\t\t<\/section>\n\t\t\t\t<\/div>\n\t\t","protected":false},"excerpt":{"rendered":"<p>PRESTA ESI est une soci\u00e9t\u00e9 de prestation et de location de mat\u00e9riel d&rsquo;\u00e9clairage et de sonorisation Fond\u00e9e en 2008 et situ\u00e9e \u00e0 10 minutes de Lille, notre soci\u00e9t\u00e9 s&rsquo;adapte \u00e0 vos exigences et met en valeur vos artistes ou produits gr\u00e2ce \u00e0 un mat\u00e9riel professionnel et r\u00e9cent. Nous prenons en charge l&rsquo;\u00e9tude et la conception\u00a0des [&hellip;]<\/p>\n","protected":false},"author":1,"featured_media":0,"parent":0,"menu_order":0,"comment_status":"closed","ping_status":"closed","template":"","meta":{"_monsterinsights_skip_tracking":false,"_monsterinsights_sitenote_active":false,"_monsterinsights_sitenote_note":"","_monsterinsights_sitenote_category":0,"site-sidebar-layout":"default","site-content-layout":"","ast-site-content-layout":"","site-content-style":"default","site-sidebar-style":"default","ast-global-header-display":"","ast-banner-title-visibility":"","ast-main-header-display":"","ast-hfb-above-header-display":"","ast-hfb-below-header-display":"","ast-hfb-mobile-header-display":"","site-post-title":"","ast-breadcrumbs-content":"","ast-featured-img":"","footer-sml-layout":"","theme-transparent-header-meta":"","adv-header-id-meta":"","stick-header-meta":"","header-above-stick-meta":"","header-main-stick-meta":"","header-below-stick-meta":"","astra-migrate-meta-layouts":"default","ast-page-background-enabled":"default","ast-page-background-meta":{"desktop":{"background-color":"","background-image":"","background-repeat":"repeat","background-position":"center center","background-size":"auto","background-attachment":"scroll","background-type":"","background-media":"","overlay-type":"","overlay-color":"","overlay-gradient":""},"tablet":{"background-color":"","background-image":"","background-repeat":"repeat","background-position":"center center","background-size":"auto","background-attachment":"scroll","background-type":"","background-media":"","overlay-type":"","overlay-color":"","overlay-gradient":""},"mobile":{"background-color":"","background-image":"","background-repeat":"repeat","background-position":"center center","background-size":"auto","background-attachment":"scroll","background-type":"","background-media":"","overlay-type":"","overlay-color":"","overlay-gradient":""}},"ast-content-background-meta":{"desktop":{"background-color":"var(--ast-global-color-5)","background-image":"","background-repeat":"repeat","background-position":"center center","background-size":"auto","background-attachment":"scroll","background-type":"","background-media":"","overlay-type":"","overlay-color":"","overlay-gradient":""},"tablet":{"background-color":"var(--ast-global-color-5)","background-image":"","background-repeat":"repeat","background-position":"center center","background-size":"auto","background-attachment":"scroll","background-type":"","background-media":"","overlay-type":"","overlay-color":"","overlay-gradient":""},"mobile":{"background-color":"var(--ast-global-color-5)","background-image":"","background-repeat":"repeat","background-position":"center center","background-size":"auto","background-attachment":"scroll","background-type":"","background-media":"","overlay-type":"","overlay-color":"","overlay-gradient":""}},"footnotes":""},"yoast_head":"<!-- This site is optimized with the Yoast SEO plugin v21.9.1 - https:\/\/yoast.com\/wordpress\/plugins\/seo\/ -->\n<title>Accueil - PRESTA ESI<\/title>\n<meta name=\"description\" content=\"Soci\u00e9t\u00e9 de location de mat\u00e9riel d&#039;\u00e9clairage et de sonorisation sur Lille. Prestation, Location et partenariat avec des associations.\" \/>\n<meta name=\"robots\" content=\"index, follow, max-snippet:-1, max-image-preview:large, max-video-preview:-1\" \/>\n<link rel=\"canonical\" href=\"https:\/\/prestaesi.fr\/\" \/>\n<meta property=\"og:locale\" content=\"fr_FR\" \/>\n<meta property=\"og:type\" content=\"article\" \/>\n<meta property=\"og:title\" content=\"Accueil - PRESTA ESI\" \/>\n<meta property=\"og:description\" content=\"Soci\u00e9t\u00e9 de location de mat\u00e9riel d&#039;\u00e9clairage et de sonorisation sur Lille. Prestation, Location et partenariat avec des associations.\" \/>\n<meta property=\"og:url\" content=\"https:\/\/prestaesi.fr\/\" \/>\n<meta property=\"og:site_name\" content=\"PRESTA ESI\" \/>\n<meta property=\"article:publisher\" content=\"https:\/\/www.facebook.com\/PrestaEsi\/\" \/>\n<meta property=\"article:modified_time\" content=\"2022-08-26T13:25:58+00:00\" \/>\n<meta property=\"og:image\" content=\"http:\/\/prestaesi.fr\/wp-content\/uploads\/2019\/01\/20181212_150704-300x169.jpg\" \/>\n<meta name=\"twitter:card\" content=\"summary_large_image\" \/>\n<meta name=\"twitter:label1\" content=\"Dur\u00e9e de lecture estim\u00e9e\" \/>\n\t<meta name=\"twitter:data1\" content=\"6 minutes\" \/>\n<script type=\"application\/ld+json\" class=\"yoast-schema-graph\">{\"@context\":\"https:\/\/schema.org\",\"@graph\":[{\"@type\":\"WebPage\",\"@id\":\"https:\/\/prestaesi.fr\/\",\"url\":\"https:\/\/prestaesi.fr\/\",\"name\":\"Accueil - PRESTA ESI\",\"isPartOf\":{\"@id\":\"https:\/\/prestaesi.fr\/#website\"},\"datePublished\":\"2018-11-20T20:39:34+00:00\",\"dateModified\":\"2022-08-26T13:25:58+00:00\",\"description\":\"Soci\u00e9t\u00e9 de location de mat\u00e9riel d'\u00e9clairage et de sonorisation sur Lille. Prestation, Location et partenariat avec des associations.\",\"breadcrumb\":{\"@id\":\"https:\/\/prestaesi.fr\/#breadcrumb\"},\"inLanguage\":\"fr-FR\",\"potentialAction\":[{\"@type\":\"ReadAction\",\"target\":[\"https:\/\/prestaesi.fr\/\"]}]},{\"@type\":\"BreadcrumbList\",\"@id\":\"https:\/\/prestaesi.fr\/#breadcrumb\",\"itemListElement\":[{\"@type\":\"ListItem\",\"position\":1,\"name\":\"Accueil\",\"item\":\"https:\/\/prestaesi.fr\/\"},{\"@type\":\"ListItem\",\"position\":2,\"name\":\"Accueil\"}]},{\"@type\":\"WebSite\",\"@id\":\"https:\/\/prestaesi.fr\/#website\",\"url\":\"https:\/\/prestaesi.fr\/\",\"name\":\"PRESTA ESI\",\"description\":\"Soci\u00e9t\u00e9 d&#039;\u00e9v\u00e9nementielle\",\"publisher\":{\"@id\":\"https:\/\/prestaesi.fr\/#organization\"},\"potentialAction\":[{\"@type\":\"SearchAction\",\"target\":{\"@type\":\"EntryPoint\",\"urlTemplate\":\"https:\/\/prestaesi.fr\/?s={search_term_string}\"},\"query-input\":\"required name=search_term_string\"}],\"inLanguage\":\"fr-FR\"},{\"@type\":\"Organization\",\"@id\":\"https:\/\/prestaesi.fr\/#organization\",\"name\":\"Presta ESI\",\"url\":\"https:\/\/prestaesi.fr\/\",\"logo\":{\"@type\":\"ImageObject\",\"inLanguage\":\"fr-FR\",\"@id\":\"https:\/\/prestaesi.fr\/#\/schema\/logo\/image\/\",\"url\":\"http:\/\/prestaesi.fr\/wp-content\/uploads\/2018\/12\/cropped-logo_esi_small.png\",\"contentUrl\":\"http:\/\/prestaesi.fr\/wp-content\/uploads\/2018\/12\/cropped-logo_esi_small.png\",\"width\":157,\"height\":87,\"caption\":\"Presta ESI\"},\"image\":{\"@id\":\"https:\/\/prestaesi.fr\/#\/schema\/logo\/image\/\"},\"sameAs\":[\"https:\/\/www.facebook.com\/PrestaEsi\/\"]}]}<\/script>\n<!-- \/ Yoast SEO plugin. -->","yoast_head_json":{"title":"Accueil - PRESTA ESI","description":"Soci\u00e9t\u00e9 de location de mat\u00e9riel d'\u00e9clairage et de sonorisation sur Lille. Prestation, Location et partenariat avec des associations.","robots":{"index":"index","follow":"follow","max-snippet":"max-snippet:-1","max-image-preview":"max-image-preview:large","max-video-preview":"max-video-preview:-1"},"canonical":"https:\/\/prestaesi.fr\/","og_locale":"fr_FR","og_type":"article","og_title":"Accueil - PRESTA ESI","og_description":"Soci\u00e9t\u00e9 de location de mat\u00e9riel d'\u00e9clairage et de sonorisation sur Lille. Prestation, Location et partenariat avec des associations.","og_url":"https:\/\/prestaesi.fr\/","og_site_name":"PRESTA ESI","article_publisher":"https:\/\/www.facebook.com\/PrestaEsi\/","article_modified_time":"2022-08-26T13:25:58+00:00","og_image":[{"url":"http:\/\/prestaesi.fr\/wp-content\/uploads\/2019\/01\/20181212_150704-300x169.jpg"}],"twitter_card":"summary_large_image","twitter_misc":{"Dur\u00e9e de lecture estim\u00e9e":"6 minutes"},"schema":{"@context":"https:\/\/schema.org","@graph":[{"@type":"WebPage","@id":"https:\/\/prestaesi.fr\/","url":"https:\/\/prestaesi.fr\/","name":"Accueil - PRESTA ESI","isPartOf":{"@id":"https:\/\/prestaesi.fr\/#website"},"datePublished":"2018-11-20T20:39:34+00:00","dateModified":"2022-08-26T13:25:58+00:00","description":"Soci\u00e9t\u00e9 de location de mat\u00e9riel d'\u00e9clairage et de sonorisation sur Lille. Prestation, Location et partenariat avec des associations.","breadcrumb":{"@id":"https:\/\/prestaesi.fr\/#breadcrumb"},"inLanguage":"fr-FR","potentialAction":[{"@type":"ReadAction","target":["https:\/\/prestaesi.fr\/"]}]},{"@type":"BreadcrumbList","@id":"https:\/\/prestaesi.fr\/#breadcrumb","itemListElement":[{"@type":"ListItem","position":1,"name":"Accueil","item":"https:\/\/prestaesi.fr\/"},{"@type":"ListItem","position":2,"name":"Accueil"}]},{"@type":"WebSite","@id":"https:\/\/prestaesi.fr\/#website","url":"https:\/\/prestaesi.fr\/","name":"PRESTA ESI","description":"Soci\u00e9t\u00e9 d&#039;\u00e9v\u00e9nementielle","publisher":{"@id":"https:\/\/prestaesi.fr\/#organization"},"potentialAction":[{"@type":"SearchAction","target":{"@type":"EntryPoint","urlTemplate":"https:\/\/prestaesi.fr\/?s={search_term_string}"},"query-input":"required name=search_term_string"}],"inLanguage":"fr-FR"},{"@type":"Organization","@id":"https:\/\/prestaesi.fr\/#organization","name":"Presta ESI","url":"https:\/\/prestaesi.fr\/","logo":{"@type":"ImageObject","inLanguage":"fr-FR","@id":"https:\/\/prestaesi.fr\/#\/schema\/logo\/image\/","url":"http:\/\/prestaesi.fr\/wp-content\/uploads\/2018\/12\/cropped-logo_esi_small.png","contentUrl":"http:\/\/prestaesi.fr\/wp-content\/uploads\/2018\/12\/cropped-logo_esi_small.png","width":157,"height":87,"caption":"Presta ESI"},"image":{"@id":"https:\/\/prestaesi.fr\/#\/schema\/logo\/image\/"},"sameAs":["https:\/\/www.facebook.com\/PrestaEsi\/"]}]}},"_links":{"self":[{"href":"https:\/\/prestaesi.fr\/index.php?rest_route=\/wp\/v2\/pages\/7"}],"collection":[{"href":"https:\/\/prestaesi.fr\/index.php?rest_route=\/wp\/v2\/pages"}],"about":[{"href":"https:\/\/prestaesi.fr\/index.php?rest_route=\/wp\/v2\/types\/page"}],"author":[{"embeddable":true,"href":"https:\/\/prestaesi.fr\/index.php?rest_route=\/wp\/v2\/users\/1"}],"replies":[{"embeddable":true,"href":"https:\/\/prestaesi.fr\/index.php?rest_route=%2Fwp%2Fv2%2Fcomments&post=7"}],"version-history":[{"count":35,"href":"https:\/\/prestaesi.fr\/index.php?rest_route=\/wp\/v2\/pages\/7\/revisions"}],"predecessor-version":[{"id":442,"href":"https:\/\/prestaesi.fr\/index.php?rest_route=\/wp\/v2\/pages\/7\/revisions\/442"}],"wp:attachment":[{"href":"https:\/\/prestaesi.fr\/index.php?rest_route=%2Fwp%2Fv2%2Fmedia&parent=7"}],"curies":[{"name":"wp","href":"https:\/\/api.w.org\/{rel}","templated":true}]}}