{"id":420,"date":"2022-07-30T16:26:11","date_gmt":"2022-07-30T14:26:11","guid":{"rendered":"http:\/\/prestaesi.fr\/?page_id=420"},"modified":"2022-09-02T13:52:24","modified_gmt":"2022-09-02T11:52:24","slug":"grandma-3","status":"publish","type":"page","link":"https:\/\/prestaesi.fr\/?page_id=420","title":{"rendered":"Nouveaut\u00e9"},"content":{"rendered":"\n<p>La console Grand MA 3 Compact XT est disponible chez Presta ESI. Nous proposons des formules de locations longues dur\u00e9es, location r\u00e9guli\u00e8res (pour des tourn\u00e9es)  et des locations \u00e0 la journ\u00e9e.<\/p>\n\n\n\n<p>Lien vers le catalogue : <a href=\"http:\/\/prestaesi.fr\/?item=console-grandma3-compact-xt\">Console Grand MA 3 Compact XT<\/a><\/p>\n\n\n\n<p>Lien vers la documentation du constructeur : <a href=\"https:\/\/www.malighting.com\/product\/grandma3-compact-xt-4010505\/\">Grand MA 3 Compact XT<\/a><\/p>\n\n\n\n<figure class=\"wp-block-gallery has-nested-images columns-default is-cropped wp-block-gallery-1 is-layout-flex wp-block-gallery-is-layout-flex\">\n<figure class=\"wp-block-image size-full is-resized\" style=\"border-radius:0px\"><img fetchpriority=\"high\" decoding=\"async\" data-id=\"411\" src=\"http:\/\/prestaesi.fr\/wp-content\/uploads\/2022\/06\/ma3cxt-4010505-front-web-2.webp\" alt=\"GrandMA3 Compact XT\" class=\"wp-image-411\" width=\"429\" height=\"366\" srcset=\"https:\/\/prestaesi.fr\/wp-content\/uploads\/2022\/06\/ma3cxt-4010505-front-web-2.webp 656w, https:\/\/prestaesi.fr\/wp-content\/uploads\/2022\/06\/ma3cxt-4010505-front-web-2-300x256.webp 300w, https:\/\/prestaesi.fr\/wp-content\/uploads\/2022\/06\/ma3cxt-4010505-front-web-2-600x512.webp 600w, https:\/\/prestaesi.fr\/wp-content\/uploads\/2022\/06\/ma3cxt-4010505-front-web-2-187x160.webp 187w\" sizes=\"(max-width: 429px) 100vw, 429px\" \/><figcaption>GrandMA3 Compact XT<\/figcaption><\/figure>\n\n\n\n<figure class=\"wp-block-image size-full\"><img decoding=\"async\" width=\"2560\" height=\"1718\" data-id=\"435\" src=\"http:\/\/prestaesi.fr\/wp-content\/uploads\/2022\/08\/GrandMA3-Compact-XT-scaled.jpg\" alt=\"GrandMA 3 Compact XT\" class=\"wp-image-435\" srcset=\"https:\/\/prestaesi.fr\/wp-content\/uploads\/2022\/08\/GrandMA3-Compact-XT-scaled.jpg 2560w, https:\/\/prestaesi.fr\/wp-content\/uploads\/2022\/08\/GrandMA3-Compact-XT-300x201.jpg 300w, https:\/\/prestaesi.fr\/wp-content\/uploads\/2022\/08\/GrandMA3-Compact-XT-1024x687.jpg 1024w, https:\/\/prestaesi.fr\/wp-content\/uploads\/2022\/08\/GrandMA3-Compact-XT-768x515.jpg 768w, https:\/\/prestaesi.fr\/wp-content\/uploads\/2022\/08\/GrandMA3-Compact-XT-1536x1031.jpg 1536w, https:\/\/prestaesi.fr\/wp-content\/uploads\/2022\/08\/GrandMA3-Compact-XT-2048x1374.jpg 2048w, https:\/\/prestaesi.fr\/wp-content\/uploads\/2022\/08\/GrandMA3-Compact-XT-600x403.jpg 600w, https:\/\/prestaesi.fr\/wp-content\/uploads\/2022\/08\/GrandMA3-Compact-XT-238x160.jpg 238w\" sizes=\"(max-width: 2560px) 100vw, 2560px\" \/><figcaption>Console GrandMA 3 Compact XT<\/figcaption><\/figure>\n\n\n\n<figure class=\"wp-block-image size-full\"><img decoding=\"async\" width=\"2560\" height=\"1367\" data-id=\"434\" src=\"http:\/\/prestaesi.fr\/wp-content\/uploads\/2022\/08\/GrandMA3-Compact-XT-2-scaled.jpg\" alt=\"Arri\u00e8re console GrandMA 3 Compact XT\" class=\"wp-image-434\" srcset=\"https:\/\/prestaesi.fr\/wp-content\/uploads\/2022\/08\/GrandMA3-Compact-XT-2-scaled.jpg 2560w, https:\/\/prestaesi.fr\/wp-content\/uploads\/2022\/08\/GrandMA3-Compact-XT-2-300x160.jpg 300w, https:\/\/prestaesi.fr\/wp-content\/uploads\/2022\/08\/GrandMA3-Compact-XT-2-1024x547.jpg 1024w, https:\/\/prestaesi.fr\/wp-content\/uploads\/2022\/08\/GrandMA3-Compact-XT-2-768x410.jpg 768w, https:\/\/prestaesi.fr\/wp-content\/uploads\/2022\/08\/GrandMA3-Compact-XT-2-1536x820.jpg 1536w, https:\/\/prestaesi.fr\/wp-content\/uploads\/2022\/08\/GrandMA3-Compact-XT-2-2048x1093.jpg 2048w, https:\/\/prestaesi.fr\/wp-content\/uploads\/2022\/08\/GrandMA3-Compact-XT-2-600x320.jpg 600w, https:\/\/prestaesi.fr\/wp-content\/uploads\/2022\/08\/GrandMA3-Compact-XT-2-280x149.jpg 280w\" sizes=\"(max-width: 2560px) 100vw, 2560px\" \/><figcaption>Arri\u00e8re console GrandMA 3 Compact XT<\/figcaption><\/figure>\n<\/figure>\n","protected":false},"excerpt":{"rendered":"<p>La console Grand MA 3 Compact XT est disponible chez Presta ESI. Nous proposons des formules de locations longues dur\u00e9es, location r\u00e9guli\u00e8res (pour des tourn\u00e9es) et des locations \u00e0 la journ\u00e9e. Lien vers le catalogue : Console Grand MA 3 Compact XT Lien vers la documentation du constructeur : Grand MA 3 Compact XT<\/p>\n","protected":false},"author":1,"featured_media":0,"parent":0,"menu_order":0,"comment_status":"closed","ping_status":"closed","template":"","meta":{"_monsterinsights_skip_tracking":false,"_monsterinsights_sitenote_active":false,"_monsterinsights_sitenote_note":"","_monsterinsights_sitenote_category":0,"site-sidebar-layout":"default","site-content-layout":"","ast-site-content-layout":"","site-content-style":"default","site-sidebar-style":"default","ast-global-header-display":"","ast-banner-title-visibility":"","ast-main-header-display":"","ast-hfb-above-header-display":"","ast-hfb-below-header-display":"","ast-hfb-mobile-header-display":"","site-post-title":"","ast-breadcrumbs-content":"","ast-featured-img":"","footer-sml-layout":"","theme-transparent-header-meta":"","adv-header-id-meta":"","stick-header-meta":"","header-above-stick-meta":"","header-main-stick-meta":"","header-below-stick-meta":"","astra-migrate-meta-layouts":"default","ast-page-background-enabled":"default","ast-page-background-meta":{"desktop":{"background-color":"","background-image":"","background-repeat":"repeat","background-position":"center center","background-size":"auto","background-attachment":"scroll","background-type":"","background-media":"","overlay-type":"","overlay-color":"","overlay-gradient":""},"tablet":{"background-color":"","background-image":"","background-repeat":"repeat","background-position":"center center","background-size":"auto","background-attachment":"scroll","background-type":"","background-media":"","overlay-type":"","overlay-color":"","overlay-gradient":""},"mobile":{"background-color":"","background-image":"","background-repeat":"repeat","background-position":"center center","background-size":"auto","background-attachment":"scroll","background-type":"","background-media":"","overlay-type":"","overlay-color":"","overlay-gradient":""}},"ast-content-background-meta":{"desktop":{"background-color":"var(--ast-global-color-5)","background-image":"","background-repeat":"repeat","background-position":"center center","background-size":"auto","background-attachment":"scroll","background-type":"","background-media":"","overlay-type":"","overlay-color":"","overlay-gradient":""},"tablet":{"background-color":"var(--ast-global-color-5)","background-image":"","background-repeat":"repeat","background-position":"center center","background-size":"auto","background-attachment":"scroll","background-type":"","background-media":"","overlay-type":"","overlay-color":"","overlay-gradient":""},"mobile":{"background-color":"var(--ast-global-color-5)","background-image":"","background-repeat":"repeat","background-position":"center center","background-size":"auto","background-attachment":"scroll","background-type":"","background-media":"","overlay-type":"","overlay-color":"","overlay-gradient":""}},"footnotes":""},"yoast_head":"<!-- This site is optimized with the Yoast SEO plugin v21.9.1 - https:\/\/yoast.com\/wordpress\/plugins\/seo\/ -->\n<title>Nouveaut\u00e9 - PRESTA ESI<\/title>\n<meta name=\"description\" content=\"GrandMA 3 Compact XT, Location GrandMA 3 Compact XT\" \/>\n<meta name=\"robots\" content=\"index, follow, max-snippet:-1, max-image-preview:large, max-video-preview:-1\" \/>\n<link rel=\"canonical\" href=\"http:\/\/prestaesi.fr\/?page_id=420\" \/>\n<meta property=\"og:locale\" content=\"fr_FR\" \/>\n<meta property=\"og:type\" content=\"article\" \/>\n<meta property=\"og:title\" content=\"Nouveaut\u00e9 - PRESTA ESI\" \/>\n<meta property=\"og:description\" content=\"GrandMA 3 Compact XT, Location GrandMA 3 Compact XT\" \/>\n<meta property=\"og:url\" content=\"http:\/\/prestaesi.fr\/?page_id=420\" \/>\n<meta property=\"og:site_name\" content=\"PRESTA ESI\" \/>\n<meta property=\"article:publisher\" content=\"https:\/\/www.facebook.com\/PrestaEsi\/\" \/>\n<meta property=\"article:modified_time\" content=\"2022-09-02T11:52:24+00:00\" \/>\n<meta property=\"og:image\" content=\"http:\/\/prestaesi.fr\/wp-content\/uploads\/2022\/06\/ma3cxt-4010505-front-web-2.webp\" \/>\n<meta name=\"twitter:card\" content=\"summary_large_image\" \/>\n<meta name=\"twitter:label1\" content=\"Dur\u00e9e de lecture estim\u00e9e\" \/>\n\t<meta name=\"twitter:data1\" content=\"1 minute\" \/>\n<script type=\"application\/ld+json\" class=\"yoast-schema-graph\">{\"@context\":\"https:\/\/schema.org\",\"@graph\":[{\"@type\":\"WebPage\",\"@id\":\"http:\/\/prestaesi.fr\/?page_id=420\",\"url\":\"http:\/\/prestaesi.fr\/?page_id=420\",\"name\":\"Nouveaut\u00e9 - PRESTA ESI\",\"isPartOf\":{\"@id\":\"https:\/\/prestaesi.fr\/#website\"},\"datePublished\":\"2022-07-30T14:26:11+00:00\",\"dateModified\":\"2022-09-02T11:52:24+00:00\",\"description\":\"GrandMA 3 Compact XT, Location GrandMA 3 Compact XT\",\"breadcrumb\":{\"@id\":\"http:\/\/prestaesi.fr\/?page_id=420#breadcrumb\"},\"inLanguage\":\"fr-FR\",\"potentialAction\":[{\"@type\":\"ReadAction\",\"target\":[\"http:\/\/prestaesi.fr\/?page_id=420\"]}]},{\"@type\":\"BreadcrumbList\",\"@id\":\"http:\/\/prestaesi.fr\/?page_id=420#breadcrumb\",\"itemListElement\":[{\"@type\":\"ListItem\",\"position\":1,\"name\":\"Accueil\",\"item\":\"https:\/\/prestaesi.fr\/\"},{\"@type\":\"ListItem\",\"position\":2,\"name\":\"Nouveaut\u00e9\"}]},{\"@type\":\"WebSite\",\"@id\":\"https:\/\/prestaesi.fr\/#website\",\"url\":\"https:\/\/prestaesi.fr\/\",\"name\":\"PRESTA ESI\",\"description\":\"Soci\u00e9t\u00e9 d&#039;\u00e9v\u00e9nementielle\",\"publisher\":{\"@id\":\"https:\/\/prestaesi.fr\/#organization\"},\"potentialAction\":[{\"@type\":\"SearchAction\",\"target\":{\"@type\":\"EntryPoint\",\"urlTemplate\":\"https:\/\/prestaesi.fr\/?s={search_term_string}\"},\"query-input\":\"required name=search_term_string\"}],\"inLanguage\":\"fr-FR\"},{\"@type\":\"Organization\",\"@id\":\"https:\/\/prestaesi.fr\/#organization\",\"name\":\"Presta ESI\",\"url\":\"https:\/\/prestaesi.fr\/\",\"logo\":{\"@type\":\"ImageObject\",\"inLanguage\":\"fr-FR\",\"@id\":\"https:\/\/prestaesi.fr\/#\/schema\/logo\/image\/\",\"url\":\"http:\/\/prestaesi.fr\/wp-content\/uploads\/2018\/12\/cropped-logo_esi_small.png\",\"contentUrl\":\"http:\/\/prestaesi.fr\/wp-content\/uploads\/2018\/12\/cropped-logo_esi_small.png\",\"width\":157,\"height\":87,\"caption\":\"Presta ESI\"},\"image\":{\"@id\":\"https:\/\/prestaesi.fr\/#\/schema\/logo\/image\/\"},\"sameAs\":[\"https:\/\/www.facebook.com\/PrestaEsi\/\"]}]}<\/script>\n<!-- \/ Yoast SEO plugin. -->","yoast_head_json":{"title":"Nouveaut\u00e9 - PRESTA ESI","description":"GrandMA 3 Compact XT, Location GrandMA 3 Compact XT","robots":{"index":"index","follow":"follow","max-snippet":"max-snippet:-1","max-image-preview":"max-image-preview:large","max-video-preview":"max-video-preview:-1"},"canonical":"http:\/\/prestaesi.fr\/?page_id=420","og_locale":"fr_FR","og_type":"article","og_title":"Nouveaut\u00e9 - PRESTA ESI","og_description":"GrandMA 3 Compact XT, Location GrandMA 3 Compact XT","og_url":"http:\/\/prestaesi.fr\/?page_id=420","og_site_name":"PRESTA ESI","article_publisher":"https:\/\/www.facebook.com\/PrestaEsi\/","article_modified_time":"2022-09-02T11:52:24+00:00","og_image":[{"url":"http:\/\/prestaesi.fr\/wp-content\/uploads\/2022\/06\/ma3cxt-4010505-front-web-2.webp"}],"twitter_card":"summary_large_image","twitter_misc":{"Dur\u00e9e de lecture estim\u00e9e":"1 minute"},"schema":{"@context":"https:\/\/schema.org","@graph":[{"@type":"WebPage","@id":"http:\/\/prestaesi.fr\/?page_id=420","url":"http:\/\/prestaesi.fr\/?page_id=420","name":"Nouveaut\u00e9 - PRESTA ESI","isPartOf":{"@id":"https:\/\/prestaesi.fr\/#website"},"datePublished":"2022-07-30T14:26:11+00:00","dateModified":"2022-09-02T11:52:24+00:00","description":"GrandMA 3 Compact XT, Location GrandMA 3 Compact XT","breadcrumb":{"@id":"http:\/\/prestaesi.fr\/?page_id=420#breadcrumb"},"inLanguage":"fr-FR","potentialAction":[{"@type":"ReadAction","target":["http:\/\/prestaesi.fr\/?page_id=420"]}]},{"@type":"BreadcrumbList","@id":"http:\/\/prestaesi.fr\/?page_id=420#breadcrumb","itemListElement":[{"@type":"ListItem","position":1,"name":"Accueil","item":"https:\/\/prestaesi.fr\/"},{"@type":"ListItem","position":2,"name":"Nouveaut\u00e9"}]},{"@type":"WebSite","@id":"https:\/\/prestaesi.fr\/#website","url":"https:\/\/prestaesi.fr\/","name":"PRESTA ESI","description":"Soci\u00e9t\u00e9 d&#039;\u00e9v\u00e9nementielle","publisher":{"@id":"https:\/\/prestaesi.fr\/#organization"},"potentialAction":[{"@type":"SearchAction","target":{"@type":"EntryPoint","urlTemplate":"https:\/\/prestaesi.fr\/?s={search_term_string}"},"query-input":"required name=search_term_string"}],"inLanguage":"fr-FR"},{"@type":"Organization","@id":"https:\/\/prestaesi.fr\/#organization","name":"Presta ESI","url":"https:\/\/prestaesi.fr\/","logo":{"@type":"ImageObject","inLanguage":"fr-FR","@id":"https:\/\/prestaesi.fr\/#\/schema\/logo\/image\/","url":"http:\/\/prestaesi.fr\/wp-content\/uploads\/2018\/12\/cropped-logo_esi_small.png","contentUrl":"http:\/\/prestaesi.fr\/wp-content\/uploads\/2018\/12\/cropped-logo_esi_small.png","width":157,"height":87,"caption":"Presta ESI"},"image":{"@id":"https:\/\/prestaesi.fr\/#\/schema\/logo\/image\/"},"sameAs":["https:\/\/www.facebook.com\/PrestaEsi\/"]}]}},"_links":{"self":[{"href":"https:\/\/prestaesi.fr\/index.php?rest_route=\/wp\/v2\/pages\/420"}],"collection":[{"href":"https:\/\/prestaesi.fr\/index.php?rest_route=\/wp\/v2\/pages"}],"about":[{"href":"https:\/\/prestaesi.fr\/index.php?rest_route=\/wp\/v2\/types\/page"}],"author":[{"embeddable":true,"href":"https:\/\/prestaesi.fr\/index.php?rest_route=\/wp\/v2\/users\/1"}],"replies":[{"embeddable":true,"href":"https:\/\/prestaesi.fr\/index.php?rest_route=%2Fwp%2Fv2%2Fcomments&post=420"}],"version-history":[{"count":3,"href":"https:\/\/prestaesi.fr\/index.php?rest_route=\/wp\/v2\/pages\/420\/revisions"}],"predecessor-version":[{"id":444,"href":"https:\/\/prestaesi.fr\/index.php?rest_route=\/wp\/v2\/pages\/420\/revisions\/444"}],"wp:attachment":[{"href":"https:\/\/prestaesi.fr\/index.php?rest_route=%2Fwp%2Fv2%2Fmedia&parent=420"}],"curies":[{"name":"wp","href":"https:\/\/api.w.org\/{rel}","templated":true}]}}