{"id":319,"date":"2019-01-04T17:11:59","date_gmt":"2019-01-04T16:11:59","guid":{"rendered":"http:\/\/prestaesi.fr\/?page_id=319"},"modified":"2019-01-06T21:14:45","modified_gmt":"2019-01-06T20:14:45","slug":"partenariat-associatif","status":"publish","type":"page","link":"https:\/\/prestaesi.fr\/?page_id=319","title":{"rendered":"Partenariat Associatif"},"content":{"rendered":"\t\t<div data-elementor-type=\"wp-post\" data-elementor-id=\"319\" class=\"elementor elementor-319 elementor-bc-flex-widget\">\n\t\t\t\t\t\t<section class=\"has_eae_slider elementor-section elementor-top-section elementor-element elementor-element-bcfcf14 elementor-section-boxed elementor-section-height-default elementor-section-height-default\" data-id=\"bcfcf14\" data-element_type=\"section\">\n\t\t\t\t\t\t<div class=\"elementor-container elementor-column-gap-default\">\n\t\t\t\t\t<div class=\"has_eae_slider elementor-column elementor-col-50 elementor-top-column elementor-element elementor-element-43677cb\" data-id=\"43677cb\" data-element_type=\"column\">\n\t\t\t<div class=\"elementor-widget-wrap elementor-element-populated\">\n\t\t\t\t\t\t<div class=\"elementor-element elementor-element-2485798 elementor-widget elementor-widget-text-editor\" data-id=\"2485798\" data-element_type=\"widget\" data-widget_type=\"text-editor.default\">\n\t\t\t\t<div class=\"elementor-widget-container\">\n\t\t\t\t\t\t\t<p style=\"font-size: 15px; font-style: normal; font-weight: 400;\"><span style=\"font-size: 15px; color: #ffffff;\">Nous proposons des partenariats pour les associations et groupes musicaux afin de les accompagner dans leur projet.\u00a0<\/span><\/p><p style=\"font-size: 15px; font-style: normal; font-weight: 400;\"><span style=\"font-size: 15px; color: #ffffff;\">Nos prestations proposent divers avantages :<\/span><\/p><ul style=\"font-size: 15px; font-style: normal; font-weight: 400;\"><li style=\"font-size: 15px;\"><span style=\"font-size: 15px; color: #ffffff;\">Location de mat\u00e9riels adapt\u00e9s \u00e0 votre projet,<\/span><\/li><li style=\"font-size: 15px;\"><span style=\"font-size: 15px; color: #ffffff;\">Flexibilit\u00e9 des horaires pour la livraison et le retour du mat\u00e9riel,<\/span><\/li><li style=\"font-size: 15px;\"><span style=\"font-size: 15px; color: #ffffff;\">Possibilit\u00e9 de d\u00e9finir un contrat de location r\u00e9gulier pour r\u00e9duire son co\u00fbt,<\/span><\/li><li style=\"font-size: 15px;\"><span style=\"font-size: 15px; color: #ffffff;\">Vente de consommables \u00e0 des tarifs avantageux provenant des plus grands fournisseurs (ESL, LA-BS, Thomann, Highlite, Sommer cable, Axente),<\/span><\/li><li style=\"font-size: 15px;\"><span style=\"font-size: 15px; color: #ffffff;\">Conseils sur l&rsquo;implantation lumi\u00e8re et sonore de vos projets.<\/span><\/li><\/ul><p style=\"font-size: 15px; font-style: normal; font-weight: 400;\"><span style=\"font-size: 15px; color: #ffffff;\">Nous sommes prestataire technique de nombreuses associations sur la r\u00e9gion Lilloise notamment :<\/span><\/p><ul style=\"font-size: 15px; font-style: normal; font-weight: 400;\"><li style=\"font-size: 15px;\"><span style=\"font-size: 15px; color: #ffffff;\">Association EVASION Spectacle<\/span><\/li><li style=\"font-size: 15px;\"><span style=\"font-size: 15px; color: #ffffff;\">Ecole de danse Body Jazz \u00e0 Lys-Lez-Lannoy<\/span><\/li><li style=\"font-size: 15px;\"><span style=\"font-size: 15px; color: #ffffff;\">Association de Magie sur Sainghin-en-M\u00e9lantois<\/span><\/li><li style=\"font-size: 15px;\"><span style=\"font-size: 15px; color: #ffffff;\">Ecole de danse Thal\u00e8s sur Villeneuve d&rsquo;Ascq<\/span><\/li><li style=\"font-size: 15px;\"><span style=\"font-size: 15px; color: #ffffff;\">&#8230;<\/span><\/li><\/ul><div style=\"font-size: 15px; font-style: normal; font-weight: 400;\"><span style=\"font-size: 15px; color: #ffffff;\">Si vous \u00eates int\u00e9ress\u00e9, n&rsquo;h\u00e9sitez pas \u00e0 remplir le formulaire de contact, nous y r\u00e9pondrons dans les plus brefs d\u00e9lais.<\/span><\/div>\t\t\t\t\t\t<\/div>\n\t\t\t\t<\/div>\n\t\t\t\t\t<\/div>\n\t\t<\/div>\n\t\t\t\t<div class=\"has_eae_slider elementor-column elementor-col-50 elementor-top-column elementor-element elementor-element-5b9530d\" data-id=\"5b9530d\" data-element_type=\"column\">\n\t\t\t<div class=\"elementor-widget-wrap elementor-element-populated\">\n\t\t\t\t\t\t<div class=\"elementor-element elementor-element-83141cb elementor-widget elementor-widget-image-carousel\" data-id=\"83141cb\" data-element_type=\"widget\" data-settings=\"{&quot;slides_to_show&quot;:&quot;1&quot;,&quot;navigation&quot;:&quot;none&quot;,&quot;effect&quot;:&quot;fade&quot;,&quot;autoplay&quot;:&quot;yes&quot;,&quot;pause_on_hover&quot;:&quot;yes&quot;,&quot;pause_on_interaction&quot;:&quot;yes&quot;,&quot;autoplay_speed&quot;:5000,&quot;infinite&quot;:&quot;yes&quot;,&quot;speed&quot;:500}\" data-widget_type=\"image-carousel.default\">\n\t\t\t\t<div class=\"elementor-widget-container\">\n\t\t\t\t\t<div class=\"elementor-image-carousel-wrapper swiper-container\" dir=\"ltr\">\n\t\t\t<div class=\"elementor-image-carousel swiper-wrapper\" aria-live=\"off\">\n\t\t\t\t\t\t\t\t<div class=\"swiper-slide\" role=\"group\" aria-roledescription=\"slide\" aria-label=\"1 sur 5\"><figure class=\"swiper-slide-inner\"><img decoding=\"async\" class=\"swiper-slide-image\" src=\"https:\/\/prestaesi.fr\/wp-content\/uploads\/2019\/01\/20181212_150704-768x432.jpg\" alt=\"Spectacle de No\u00ebl Association EVASION Spectacle\" \/><figcaption class=\"elementor-image-carousel-caption\">Spectacle de No\u00ebl Association EVASION Spectacle<\/figcaption><\/figure><\/div><div class=\"swiper-slide\" role=\"group\" aria-roledescription=\"slide\" aria-label=\"2 sur 5\"><figure class=\"swiper-slide-inner\"><img decoding=\"async\" class=\"swiper-slide-image\" src=\"https:\/\/prestaesi.fr\/wp-content\/uploads\/2019\/01\/20180623_175107-768x576.jpg\" alt=\"Spectacle de danse - Association Art Thal\u00e8s\" \/><figcaption class=\"elementor-image-carousel-caption\">Spectacle de danse - Association Art Thal\u00e8s<\/figcaption><\/figure><\/div><div class=\"swiper-slide\" role=\"group\" aria-roledescription=\"slide\" aria-label=\"3 sur 5\"><figure class=\"swiper-slide-inner\"><img decoding=\"async\" class=\"swiper-slide-image\" src=\"https:\/\/prestaesi.fr\/wp-content\/uploads\/2019\/01\/20180218_165737-768x576.jpg\" alt=\"Cabaret Spectacle avec la Troupe EVASION Spectacle\" \/><figcaption class=\"elementor-image-carousel-caption\">Cabaret Spectacle avec la Troupe EVASION Spectacle<\/figcaption><\/figure><\/div><div class=\"swiper-slide\" role=\"group\" aria-roledescription=\"slide\" aria-label=\"4 sur 5\"><figure class=\"swiper-slide-inner\"><img decoding=\"async\" class=\"swiper-slide-image\" src=\"https:\/\/prestaesi.fr\/wp-content\/uploads\/2019\/01\/20171125_203335-768x576.jpg\" alt=\"Association de Magie \u00e0 Sainghin-en-M\u00e9lantois\" \/><figcaption class=\"elementor-image-carousel-caption\">Association de Magie \u00e0 Sainghin-en-M\u00e9lantois<\/figcaption><\/figure><\/div><div class=\"swiper-slide\" role=\"group\" aria-roledescription=\"slide\" aria-label=\"5 sur 5\"><figure class=\"swiper-slide-inner\"><img decoding=\"async\" class=\"swiper-slide-image\" src=\"https:\/\/prestaesi.fr\/wp-content\/uploads\/2019\/01\/34962868_1719216731505593_244928687672131584_o-768x576.jpg\" alt=\"Gala de danse - Association Body Jazz\" \/><figcaption class=\"elementor-image-carousel-caption\">Gala de danse - Association Body Jazz<\/figcaption><\/figure><\/div>\t\t\t<\/div>\n\t\t\t\t\t\t\t\n\t\t\t\t\t\t\t\t\t<\/div>\n\t\t\t\t<\/div>\n\t\t\t\t<\/div>\n\t\t\t\t\t<\/div>\n\t\t<\/div>\n\t\t\t\t\t<\/div>\n\t\t<\/section>\n\t\t\t\t<section class=\"has_eae_slider elementor-section elementor-top-section elementor-element elementor-element-4565bf5 elementor-section-boxed elementor-section-height-default elementor-section-height-default\" data-id=\"4565bf5\" data-element_type=\"section\">\n\t\t\t\t\t\t<div class=\"elementor-container elementor-column-gap-default\">\n\t\t\t\t\t<div class=\"has_eae_slider elementor-column elementor-col-100 elementor-top-column elementor-element elementor-element-85667a7\" data-id=\"85667a7\" data-element_type=\"column\">\n\t\t\t<div class=\"elementor-widget-wrap elementor-element-populated\">\n\t\t\t\t\t\t<div class=\"elementor-element elementor-element-d53dee2 elementor-widget elementor-widget-text-editor\" data-id=\"d53dee2\" data-element_type=\"widget\" data-widget_type=\"text-editor.default\">\n\t\t\t\t<div class=\"elementor-widget-container\">\n\t\t\t\t\t\t\t\t\t\t\t\t\t<\/div>\n\t\t\t\t<\/div>\n\t\t\t\t\t<\/div>\n\t\t<\/div>\n\t\t\t\t\t<\/div>\n\t\t<\/section>\n\t\t\t\t<\/div>\n\t\t","protected":false},"excerpt":{"rendered":"<p>Nous proposons des partenariats pour les associations et groupes musicaux afin de les accompagner dans leur projet.\u00a0 Nos prestations proposent divers avantages : Location de mat\u00e9riels adapt\u00e9s \u00e0 votre projet, Flexibilit\u00e9 des horaires pour la livraison et le retour du mat\u00e9riel, Possibilit\u00e9 de d\u00e9finir un contrat de location r\u00e9gulier pour r\u00e9duire son co\u00fbt, Vente de [&hellip;]<\/p>\n","protected":false},"author":1,"featured_media":0,"parent":0,"menu_order":0,"comment_status":"closed","ping_status":"closed","template":"","meta":{"_monsterinsights_skip_tracking":false,"_monsterinsights_sitenote_active":false,"_monsterinsights_sitenote_note":"","_monsterinsights_sitenote_category":0,"site-sidebar-layout":"no-sidebar","site-content-layout":"page-builder","ast-site-content-layout":"","site-content-style":"default","site-sidebar-style":"default","ast-global-header-display":"","ast-banner-title-visibility":"","ast-main-header-display":"","ast-hfb-above-header-display":"","ast-hfb-below-header-display":"","ast-hfb-mobile-header-display":"","site-post-title":"disabled","ast-breadcrumbs-content":"","ast-featured-img":"disabled","footer-sml-layout":"","theme-transparent-header-meta":"","adv-header-id-meta":"","stick-header-meta":"","header-above-stick-meta":"","header-main-stick-meta":"","header-below-stick-meta":"","astra-migrate-meta-layouts":"default","ast-page-background-enabled":"default","ast-page-background-meta":{"desktop":{"background-color":"","background-image":"","background-repeat":"repeat","background-position":"center center","background-size":"auto","background-attachment":"scroll","background-type":"","background-media":"","overlay-type":"","overlay-color":"","overlay-gradient":""},"tablet":{"background-color":"","background-image":"","background-repeat":"repeat","background-position":"center center","background-size":"auto","background-attachment":"scroll","background-type":"","background-media":"","overlay-type":"","overlay-color":"","overlay-gradient":""},"mobile":{"background-color":"","background-image":"","background-repeat":"repeat","background-position":"center center","background-size":"auto","background-attachment":"scroll","background-type":"","background-media":"","overlay-type":"","overlay-color":"","overlay-gradient":""}},"ast-content-background-meta":{"desktop":{"background-color":"var(--ast-global-color-5)","background-image":"","background-repeat":"repeat","background-position":"center center","background-size":"auto","background-attachment":"scroll","background-type":"","background-media":"","overlay-type":"","overlay-color":"","overlay-gradient":""},"tablet":{"background-color":"var(--ast-global-color-5)","background-image":"","background-repeat":"repeat","background-position":"center center","background-size":"auto","background-attachment":"scroll","background-type":"","background-media":"","overlay-type":"","overlay-color":"","overlay-gradient":""},"mobile":{"background-color":"var(--ast-global-color-5)","background-image":"","background-repeat":"repeat","background-position":"center center","background-size":"auto","background-attachment":"scroll","background-type":"","background-media":"","overlay-type":"","overlay-color":"","overlay-gradient":""}},"footnotes":""},"yoast_head":"<!-- This site is optimized with the Yoast SEO plugin v21.9.1 - https:\/\/yoast.com\/wordpress\/plugins\/seo\/ -->\n<title>Partenariat Associatif - PRESTA ESI<\/title>\n<meta name=\"robots\" content=\"index, follow, max-snippet:-1, max-image-preview:large, max-video-preview:-1\" \/>\n<link rel=\"canonical\" href=\"https:\/\/prestaesi.fr\/?page_id=319\" \/>\n<meta property=\"og:locale\" content=\"fr_FR\" \/>\n<meta property=\"og:type\" content=\"article\" \/>\n<meta property=\"og:title\" content=\"Partenariat Associatif - PRESTA ESI\" \/>\n<meta property=\"og:description\" content=\"Nous proposons des partenariats pour les associations et groupes musicaux afin de les accompagner dans leur projet.\u00a0 Nos prestations proposent divers avantages : Location de mat\u00e9riels adapt\u00e9s \u00e0 votre projet, Flexibilit\u00e9 des horaires pour la livraison et le retour du mat\u00e9riel, Possibilit\u00e9 de d\u00e9finir un contrat de location r\u00e9gulier pour r\u00e9duire son co\u00fbt, Vente de [&hellip;]\" \/>\n<meta property=\"og:url\" content=\"https:\/\/prestaesi.fr\/?page_id=319\" \/>\n<meta property=\"og:site_name\" content=\"PRESTA ESI\" \/>\n<meta property=\"article:publisher\" content=\"https:\/\/www.facebook.com\/PrestaEsi\/\" \/>\n<meta property=\"article:modified_time\" content=\"2019-01-06T20:14:45+00:00\" \/>\n<meta property=\"og:image\" content=\"http:\/\/prestaesi.fr\/wp-content\/uploads\/2019\/01\/20181212_150704-768x432.jpg\" \/>\n<meta name=\"twitter:card\" content=\"summary_large_image\" \/>\n<meta name=\"twitter:label1\" content=\"Dur\u00e9e de lecture estim\u00e9e\" \/>\n\t<meta name=\"twitter:data1\" content=\"1 minute\" \/>\n<script type=\"application\/ld+json\" class=\"yoast-schema-graph\">{\"@context\":\"https:\/\/schema.org\",\"@graph\":[{\"@type\":\"WebPage\",\"@id\":\"https:\/\/prestaesi.fr\/?page_id=319\",\"url\":\"https:\/\/prestaesi.fr\/?page_id=319\",\"name\":\"Partenariat Associatif - PRESTA ESI\",\"isPartOf\":{\"@id\":\"https:\/\/prestaesi.fr\/#website\"},\"datePublished\":\"2019-01-04T16:11:59+00:00\",\"dateModified\":\"2019-01-06T20:14:45+00:00\",\"breadcrumb\":{\"@id\":\"https:\/\/prestaesi.fr\/?page_id=319#breadcrumb\"},\"inLanguage\":\"fr-FR\",\"potentialAction\":[{\"@type\":\"ReadAction\",\"target\":[\"https:\/\/prestaesi.fr\/?page_id=319\"]}]},{\"@type\":\"BreadcrumbList\",\"@id\":\"https:\/\/prestaesi.fr\/?page_id=319#breadcrumb\",\"itemListElement\":[{\"@type\":\"ListItem\",\"position\":1,\"name\":\"Accueil\",\"item\":\"https:\/\/prestaesi.fr\/\"},{\"@type\":\"ListItem\",\"position\":2,\"name\":\"Partenariat Associatif\"}]},{\"@type\":\"WebSite\",\"@id\":\"https:\/\/prestaesi.fr\/#website\",\"url\":\"https:\/\/prestaesi.fr\/\",\"name\":\"PRESTA ESI\",\"description\":\"Soci\u00e9t\u00e9 d&#039;\u00e9v\u00e9nementielle\",\"publisher\":{\"@id\":\"https:\/\/prestaesi.fr\/#organization\"},\"potentialAction\":[{\"@type\":\"SearchAction\",\"target\":{\"@type\":\"EntryPoint\",\"urlTemplate\":\"https:\/\/prestaesi.fr\/?s={search_term_string}\"},\"query-input\":\"required name=search_term_string\"}],\"inLanguage\":\"fr-FR\"},{\"@type\":\"Organization\",\"@id\":\"https:\/\/prestaesi.fr\/#organization\",\"name\":\"Presta ESI\",\"url\":\"https:\/\/prestaesi.fr\/\",\"logo\":{\"@type\":\"ImageObject\",\"inLanguage\":\"fr-FR\",\"@id\":\"https:\/\/prestaesi.fr\/#\/schema\/logo\/image\/\",\"url\":\"http:\/\/prestaesi.fr\/wp-content\/uploads\/2018\/12\/cropped-logo_esi_small.png\",\"contentUrl\":\"http:\/\/prestaesi.fr\/wp-content\/uploads\/2018\/12\/cropped-logo_esi_small.png\",\"width\":157,\"height\":87,\"caption\":\"Presta ESI\"},\"image\":{\"@id\":\"https:\/\/prestaesi.fr\/#\/schema\/logo\/image\/\"},\"sameAs\":[\"https:\/\/www.facebook.com\/PrestaEsi\/\"]}]}<\/script>\n<!-- \/ Yoast SEO plugin. -->","yoast_head_json":{"title":"Partenariat Associatif - PRESTA ESI","robots":{"index":"index","follow":"follow","max-snippet":"max-snippet:-1","max-image-preview":"max-image-preview:large","max-video-preview":"max-video-preview:-1"},"canonical":"https:\/\/prestaesi.fr\/?page_id=319","og_locale":"fr_FR","og_type":"article","og_title":"Partenariat Associatif - PRESTA ESI","og_description":"Nous proposons des partenariats pour les associations et groupes musicaux afin de les accompagner dans leur projet.\u00a0 Nos prestations proposent divers avantages : Location de mat\u00e9riels adapt\u00e9s \u00e0 votre projet, Flexibilit\u00e9 des horaires pour la livraison et le retour du mat\u00e9riel, Possibilit\u00e9 de d\u00e9finir un contrat de location r\u00e9gulier pour r\u00e9duire son co\u00fbt, Vente de [&hellip;]","og_url":"https:\/\/prestaesi.fr\/?page_id=319","og_site_name":"PRESTA ESI","article_publisher":"https:\/\/www.facebook.com\/PrestaEsi\/","article_modified_time":"2019-01-06T20:14:45+00:00","og_image":[{"url":"http:\/\/prestaesi.fr\/wp-content\/uploads\/2019\/01\/20181212_150704-768x432.jpg"}],"twitter_card":"summary_large_image","twitter_misc":{"Dur\u00e9e de lecture estim\u00e9e":"1 minute"},"schema":{"@context":"https:\/\/schema.org","@graph":[{"@type":"WebPage","@id":"https:\/\/prestaesi.fr\/?page_id=319","url":"https:\/\/prestaesi.fr\/?page_id=319","name":"Partenariat Associatif - PRESTA ESI","isPartOf":{"@id":"https:\/\/prestaesi.fr\/#website"},"datePublished":"2019-01-04T16:11:59+00:00","dateModified":"2019-01-06T20:14:45+00:00","breadcrumb":{"@id":"https:\/\/prestaesi.fr\/?page_id=319#breadcrumb"},"inLanguage":"fr-FR","potentialAction":[{"@type":"ReadAction","target":["https:\/\/prestaesi.fr\/?page_id=319"]}]},{"@type":"BreadcrumbList","@id":"https:\/\/prestaesi.fr\/?page_id=319#breadcrumb","itemListElement":[{"@type":"ListItem","position":1,"name":"Accueil","item":"https:\/\/prestaesi.fr\/"},{"@type":"ListItem","position":2,"name":"Partenariat Associatif"}]},{"@type":"WebSite","@id":"https:\/\/prestaesi.fr\/#website","url":"https:\/\/prestaesi.fr\/","name":"PRESTA ESI","description":"Soci\u00e9t\u00e9 d&#039;\u00e9v\u00e9nementielle","publisher":{"@id":"https:\/\/prestaesi.fr\/#organization"},"potentialAction":[{"@type":"SearchAction","target":{"@type":"EntryPoint","urlTemplate":"https:\/\/prestaesi.fr\/?s={search_term_string}"},"query-input":"required name=search_term_string"}],"inLanguage":"fr-FR"},{"@type":"Organization","@id":"https:\/\/prestaesi.fr\/#organization","name":"Presta ESI","url":"https:\/\/prestaesi.fr\/","logo":{"@type":"ImageObject","inLanguage":"fr-FR","@id":"https:\/\/prestaesi.fr\/#\/schema\/logo\/image\/","url":"http:\/\/prestaesi.fr\/wp-content\/uploads\/2018\/12\/cropped-logo_esi_small.png","contentUrl":"http:\/\/prestaesi.fr\/wp-content\/uploads\/2018\/12\/cropped-logo_esi_small.png","width":157,"height":87,"caption":"Presta ESI"},"image":{"@id":"https:\/\/prestaesi.fr\/#\/schema\/logo\/image\/"},"sameAs":["https:\/\/www.facebook.com\/PrestaEsi\/"]}]}},"_links":{"self":[{"href":"https:\/\/prestaesi.fr\/index.php?rest_route=\/wp\/v2\/pages\/319"}],"collection":[{"href":"https:\/\/prestaesi.fr\/index.php?rest_route=\/wp\/v2\/pages"}],"about":[{"href":"https:\/\/prestaesi.fr\/index.php?rest_route=\/wp\/v2\/types\/page"}],"author":[{"embeddable":true,"href":"https:\/\/prestaesi.fr\/index.php?rest_route=\/wp\/v2\/users\/1"}],"replies":[{"embeddable":true,"href":"https:\/\/prestaesi.fr\/index.php?rest_route=%2Fwp%2Fv2%2Fcomments&post=319"}],"version-history":[{"count":6,"href":"https:\/\/prestaesi.fr\/index.php?rest_route=\/wp\/v2\/pages\/319\/revisions"}],"predecessor-version":[{"id":375,"href":"https:\/\/prestaesi.fr\/index.php?rest_route=\/wp\/v2\/pages\/319\/revisions\/375"}],"wp:attachment":[{"href":"https:\/\/prestaesi.fr\/index.php?rest_route=%2Fwp%2Fv2%2Fmedia&parent=319"}],"curies":[{"name":"wp","href":"https:\/\/api.w.org\/{rel}","templated":true}]}}