{"id":131,"date":"2018-12-03T17:04:50","date_gmt":"2018-12-03T16:04:50","guid":{"rendered":"http:\/\/prestaesi.fr\/?page_id=131"},"modified":"2019-01-03T21:21:17","modified_gmt":"2019-01-03T20:21:17","slug":"catalog","status":"publish","type":"page","link":"https:\/\/prestaesi.fr\/?page_id=131","title":{"rendered":"Location"},"content":{"rendered":"\t\t<div data-elementor-type=\"wp-post\" data-elementor-id=\"131\" class=\"elementor elementor-131 elementor-bc-flex-widget\">\n\t\t\t\t\t\t<section class=\"has_eae_slider elementor-section elementor-top-section elementor-element elementor-element-70d5389d elementor-section-boxed elementor-section-height-default elementor-section-height-default\" data-id=\"70d5389d\" data-element_type=\"section\">\n\t\t\t\t\t\t<div class=\"elementor-container elementor-column-gap-default\">\n\t\t\t\t\t<div class=\"has_eae_slider elementor-column elementor-col-100 elementor-top-column elementor-element elementor-element-529205b8\" data-id=\"529205b8\" data-element_type=\"column\">\n\t\t\t<div class=\"elementor-widget-wrap elementor-element-populated\">\n\t\t\t\t\t\t<div class=\"elementor-element elementor-element-2812f5d0 elementor-widget elementor-widget-text-editor\" data-id=\"2812f5d0\" data-element_type=\"widget\" data-widget_type=\"text-editor.default\">\n\t\t\t\t<div class=\"elementor-widget-container\">\n\t\t\t\t\t\t\t\r\n\r\n&nbsp;\t\t\t\t\t\t<\/div>\n\t\t\t\t<\/div>\n\t\t\t\t\t<\/div>\n\t\t<\/div>\n\t\t\t\t\t<\/div>\n\t\t<\/section>\n\t\t\t\t<section class=\"has_eae_slider elementor-section elementor-top-section elementor-element elementor-element-c03b5d3 elementor-section-boxed elementor-section-height-default elementor-section-height-default\" data-id=\"c03b5d3\" data-element_type=\"section\">\n\t\t\t\t\t\t<div class=\"elementor-container elementor-column-gap-default\">\n\t\t\t\t\t<div class=\"has_eae_slider elementor-column elementor-col-100 elementor-top-column elementor-element elementor-element-2713d16\" data-id=\"2713d16\" data-element_type=\"column\">\n\t\t\t<div class=\"elementor-widget-wrap elementor-element-populated\">\n\t\t\t\t\t\t<div class=\"elementor-element elementor-element-a6e0428 elementor-widget elementor-widget-wp-widget-product_search\" data-id=\"a6e0428\" data-element_type=\"widget\" data-widget_type=\"wp-widget-product_search.default\">\n\t\t\t\t<div class=\"elementor-widget-container\">\n\t\t\t<h5>Rechercher votre produit :<\/h5>    <form role=\"search\" class=\"grey-box ic-design\" method=\"get\"\n          id=\"product_search_form\" action=\"https:\/\/prestaesi.fr\/\">\n\t\t<input type=\"hidden\" name=\"post_type\" value=\"al_product\" \/>        <div class=\"ic-search-container\">\n\t\t\t            <input class=\"product-search-box\" type=\"search\" value=\"\" name=\"s\"\n                   placeholder=\"Product Search\"\/>\n            <input class=\"product-search-submit\" type=\"submit\" id=\"searchsubmit\"\n                   value=\"\"\/>\n        <\/div>\n    <\/form>\n\t\t\t<\/div>\n\t\t\t\t<\/div>\n\t\t\t\t\t<\/div>\n\t\t<\/div>\n\t\t\t\t\t<\/div>\n\t\t<\/section>\n\t\t\t\t<\/div>\n\t\t","protected":false},"excerpt":{"rendered":"<p>&nbsp;<\/p>\n","protected":false},"author":1,"featured_media":0,"parent":0,"menu_order":0,"comment_status":"closed","ping_status":"closed","template":"","meta":{"_monsterinsights_skip_tracking":false,"_monsterinsights_sitenote_active":false,"_monsterinsights_sitenote_note":"","_monsterinsights_sitenote_category":0,"site-sidebar-layout":"default","site-content-layout":"default","ast-site-content-layout":"","site-content-style":"default","site-sidebar-style":"default","ast-global-header-display":"","ast-banner-title-visibility":"","ast-main-header-display":"","ast-hfb-above-header-display":"","ast-hfb-below-header-display":"","ast-hfb-mobile-header-display":"","site-post-title":"","ast-breadcrumbs-content":"","ast-featured-img":"","footer-sml-layout":"","theme-transparent-header-meta":"","adv-header-id-meta":"","stick-header-meta":"","header-above-stick-meta":"","header-main-stick-meta":"","header-below-stick-meta":"","astra-migrate-meta-layouts":"default","ast-page-background-enabled":"default","ast-page-background-meta":{"desktop":{"background-color":"","background-image":"","background-repeat":"repeat","background-position":"center center","background-size":"auto","background-attachment":"scroll","background-type":"","background-media":"","overlay-type":"","overlay-color":"","overlay-gradient":""},"tablet":{"background-color":"","background-image":"","background-repeat":"repeat","background-position":"center center","background-size":"auto","background-attachment":"scroll","background-type":"","background-media":"","overlay-type":"","overlay-color":"","overlay-gradient":""},"mobile":{"background-color":"","background-image":"","background-repeat":"repeat","background-position":"center center","background-size":"auto","background-attachment":"scroll","background-type":"","background-media":"","overlay-type":"","overlay-color":"","overlay-gradient":""}},"ast-content-background-meta":{"desktop":{"background-color":"var(--ast-global-color-5)","background-image":"","background-repeat":"repeat","background-position":"center center","background-size":"auto","background-attachment":"scroll","background-type":"","background-media":"","overlay-type":"","overlay-color":"","overlay-gradient":""},"tablet":{"background-color":"var(--ast-global-color-5)","background-image":"","background-repeat":"repeat","background-position":"center center","background-size":"auto","background-attachment":"scroll","background-type":"","background-media":"","overlay-type":"","overlay-color":"","overlay-gradient":""},"mobile":{"background-color":"var(--ast-global-color-5)","background-image":"","background-repeat":"repeat","background-position":"center center","background-size":"auto","background-attachment":"scroll","background-type":"","background-media":"","overlay-type":"","overlay-color":"","overlay-gradient":""}},"footnotes":""},"yoast_head":"<!-- This site is optimized with the Yoast SEO plugin v21.9.1 - https:\/\/yoast.com\/wordpress\/plugins\/seo\/ -->\n<title>Location - PRESTA ESI<\/title>\n<meta name=\"robots\" content=\"index, follow, max-snippet:-1, max-image-preview:large, max-video-preview:-1\" \/>\n<link rel=\"canonical\" href=\"https:\/\/prestaesi.fr\/?page_id=131\" \/>\n<meta property=\"og:locale\" content=\"fr_FR\" \/>\n<meta property=\"og:type\" content=\"article\" \/>\n<meta property=\"og:title\" content=\"Location - PRESTA ESI\" \/>\n<meta property=\"og:description\" content=\"&nbsp;\" \/>\n<meta property=\"og:url\" content=\"https:\/\/prestaesi.fr\/?page_id=131\" \/>\n<meta property=\"og:site_name\" content=\"PRESTA ESI\" \/>\n<meta property=\"article:publisher\" content=\"https:\/\/www.facebook.com\/PrestaEsi\/\" \/>\n<meta property=\"article:modified_time\" content=\"2019-01-03T20:21:17+00:00\" \/>\n<meta name=\"twitter:card\" content=\"summary_large_image\" \/>\n<script type=\"application\/ld+json\" class=\"yoast-schema-graph\">{\"@context\":\"https:\/\/schema.org\",\"@graph\":[{\"@type\":\"WebPage\",\"@id\":\"https:\/\/prestaesi.fr\/?page_id=131\",\"url\":\"https:\/\/prestaesi.fr\/?page_id=131\",\"name\":\"Location - PRESTA ESI\",\"isPartOf\":{\"@id\":\"https:\/\/prestaesi.fr\/#website\"},\"datePublished\":\"2018-12-03T16:04:50+00:00\",\"dateModified\":\"2019-01-03T20:21:17+00:00\",\"breadcrumb\":{\"@id\":\"https:\/\/prestaesi.fr\/?page_id=131#breadcrumb\"},\"inLanguage\":\"fr-FR\",\"potentialAction\":[{\"@type\":\"ReadAction\",\"target\":[\"https:\/\/prestaesi.fr\/?page_id=131\"]}]},{\"@type\":\"BreadcrumbList\",\"@id\":\"https:\/\/prestaesi.fr\/?page_id=131#breadcrumb\",\"itemListElement\":[{\"@type\":\"ListItem\",\"position\":1,\"name\":\"Accueil\",\"item\":\"https:\/\/prestaesi.fr\/\"},{\"@type\":\"ListItem\",\"position\":2,\"name\":\"Location\"}]},{\"@type\":\"WebSite\",\"@id\":\"https:\/\/prestaesi.fr\/#website\",\"url\":\"https:\/\/prestaesi.fr\/\",\"name\":\"PRESTA ESI\",\"description\":\"Soci\u00e9t\u00e9 d&#039;\u00e9v\u00e9nementielle\",\"publisher\":{\"@id\":\"https:\/\/prestaesi.fr\/#organization\"},\"potentialAction\":[{\"@type\":\"SearchAction\",\"target\":{\"@type\":\"EntryPoint\",\"urlTemplate\":\"https:\/\/prestaesi.fr\/?s={search_term_string}\"},\"query-input\":\"required name=search_term_string\"}],\"inLanguage\":\"fr-FR\"},{\"@type\":\"Organization\",\"@id\":\"https:\/\/prestaesi.fr\/#organization\",\"name\":\"Presta ESI\",\"url\":\"https:\/\/prestaesi.fr\/\",\"logo\":{\"@type\":\"ImageObject\",\"inLanguage\":\"fr-FR\",\"@id\":\"https:\/\/prestaesi.fr\/#\/schema\/logo\/image\/\",\"url\":\"http:\/\/prestaesi.fr\/wp-content\/uploads\/2018\/12\/cropped-logo_esi_small.png\",\"contentUrl\":\"http:\/\/prestaesi.fr\/wp-content\/uploads\/2018\/12\/cropped-logo_esi_small.png\",\"width\":157,\"height\":87,\"caption\":\"Presta ESI\"},\"image\":{\"@id\":\"https:\/\/prestaesi.fr\/#\/schema\/logo\/image\/\"},\"sameAs\":[\"https:\/\/www.facebook.com\/PrestaEsi\/\"]}]}<\/script>\n<!-- \/ Yoast SEO plugin. -->","yoast_head_json":{"title":"Location - PRESTA ESI","robots":{"index":"index","follow":"follow","max-snippet":"max-snippet:-1","max-image-preview":"max-image-preview:large","max-video-preview":"max-video-preview:-1"},"canonical":"https:\/\/prestaesi.fr\/?page_id=131","og_locale":"fr_FR","og_type":"article","og_title":"Location - PRESTA ESI","og_description":"&nbsp;","og_url":"https:\/\/prestaesi.fr\/?page_id=131","og_site_name":"PRESTA ESI","article_publisher":"https:\/\/www.facebook.com\/PrestaEsi\/","article_modified_time":"2019-01-03T20:21:17+00:00","twitter_card":"summary_large_image","schema":{"@context":"https:\/\/schema.org","@graph":[{"@type":"WebPage","@id":"https:\/\/prestaesi.fr\/?page_id=131","url":"https:\/\/prestaesi.fr\/?page_id=131","name":"Location - PRESTA ESI","isPartOf":{"@id":"https:\/\/prestaesi.fr\/#website"},"datePublished":"2018-12-03T16:04:50+00:00","dateModified":"2019-01-03T20:21:17+00:00","breadcrumb":{"@id":"https:\/\/prestaesi.fr\/?page_id=131#breadcrumb"},"inLanguage":"fr-FR","potentialAction":[{"@type":"ReadAction","target":["https:\/\/prestaesi.fr\/?page_id=131"]}]},{"@type":"BreadcrumbList","@id":"https:\/\/prestaesi.fr\/?page_id=131#breadcrumb","itemListElement":[{"@type":"ListItem","position":1,"name":"Accueil","item":"https:\/\/prestaesi.fr\/"},{"@type":"ListItem","position":2,"name":"Location"}]},{"@type":"WebSite","@id":"https:\/\/prestaesi.fr\/#website","url":"https:\/\/prestaesi.fr\/","name":"PRESTA ESI","description":"Soci\u00e9t\u00e9 d&#039;\u00e9v\u00e9nementielle","publisher":{"@id":"https:\/\/prestaesi.fr\/#organization"},"potentialAction":[{"@type":"SearchAction","target":{"@type":"EntryPoint","urlTemplate":"https:\/\/prestaesi.fr\/?s={search_term_string}"},"query-input":"required name=search_term_string"}],"inLanguage":"fr-FR"},{"@type":"Organization","@id":"https:\/\/prestaesi.fr\/#organization","name":"Presta ESI","url":"https:\/\/prestaesi.fr\/","logo":{"@type":"ImageObject","inLanguage":"fr-FR","@id":"https:\/\/prestaesi.fr\/#\/schema\/logo\/image\/","url":"http:\/\/prestaesi.fr\/wp-content\/uploads\/2018\/12\/cropped-logo_esi_small.png","contentUrl":"http:\/\/prestaesi.fr\/wp-content\/uploads\/2018\/12\/cropped-logo_esi_small.png","width":157,"height":87,"caption":"Presta ESI"},"image":{"@id":"https:\/\/prestaesi.fr\/#\/schema\/logo\/image\/"},"sameAs":["https:\/\/www.facebook.com\/PrestaEsi\/"]}]}},"_links":{"self":[{"href":"https:\/\/prestaesi.fr\/index.php?rest_route=\/wp\/v2\/pages\/131"}],"collection":[{"href":"https:\/\/prestaesi.fr\/index.php?rest_route=\/wp\/v2\/pages"}],"about":[{"href":"https:\/\/prestaesi.fr\/index.php?rest_route=\/wp\/v2\/types\/page"}],"author":[{"embeddable":true,"href":"https:\/\/prestaesi.fr\/index.php?rest_route=\/wp\/v2\/users\/1"}],"replies":[{"embeddable":true,"href":"https:\/\/prestaesi.fr\/index.php?rest_route=%2Fwp%2Fv2%2Fcomments&post=131"}],"version-history":[{"count":5,"href":"https:\/\/prestaesi.fr\/index.php?rest_route=\/wp\/v2\/pages\/131\/revisions"}],"predecessor-version":[{"id":307,"href":"https:\/\/prestaesi.fr\/index.php?rest_route=\/wp\/v2\/pages\/131\/revisions\/307"}],"wp:attachment":[{"href":"https:\/\/prestaesi.fr\/index.php?rest_route=%2Fwp%2Fv2%2Fmedia&parent=131"}],"curies":[{"name":"wp","href":"https:\/\/api.w.org\/{rel}","templated":true}]}}